{"id":3186,"date":"2026-04-28T05:40:54","date_gmt":"2026-04-28T05:40:54","guid":{"rendered":"https:\/\/mattheosselections.com\/?page_id=3186"},"modified":"2026-04-28T05:52:16","modified_gmt":"2026-04-28T05:52:16","slug":"test","status":"publish","type":"page","link":"https:\/\/mattheosselections.com\/en\/test\/","title":{"rendered":"test"},"content":{"rendered":"<div data-elementor-type=\"wp-page\" data-elementor-id=\"3186\" class=\"elementor elementor-3186\" data-elementor-post-type=\"page\">\n\t\t\t\t<div class=\"elementor-element elementor-element-ff511fd e-flex e-con-boxed e-con e-parent\" data-id=\"ff511fd\" data-element_type=\"container\" data-e-type=\"container\" data-settings=\"{&quot;background_background&quot;:&quot;classic&quot;}\">\n\t\t\t\t\t<div class=\"e-con-inner\">\n\t\t<div class=\"elementor-element elementor-element-5978c5e e-con-full e-flex e-con e-child\" data-id=\"5978c5e\" data-element_type=\"container\" data-e-type=\"container\">\n\t\t<div class=\"elementor-element elementor-element-484c658 e-con-full e-flex e-con e-child\" data-id=\"484c658\" data-element_type=\"container\" data-e-type=\"container\">\n\t\t\t\t<div class=\"elementor-element elementor-element-322b088 elementor-hidden-desktop elementor-hidden-tablet elementor-widget elementor-widget-image\" data-id=\"322b088\" data-element_type=\"widget\" data-e-type=\"widget\" data-settings=\"{&quot;_animation&quot;:&quot;none&quot;}\" data-widget_type=\"image.default\">\n\t\t\t\t<div class=\"elementor-widget-container\">\n\t\t\t\t\t\t\t\t\t\t\t\t\t\t\t<img loading=\"lazy\" decoding=\"async\" width=\"768\" height=\"1091\" src=\"https:\/\/mattheosselections.com\/wp-content\/uploads\/2026\/04\/ManthosOwner.jpg\" class=\"attachment-full size-full wp-image-3197\" alt=\"\" srcset=\"https:\/\/mattheosselections.com\/wp-content\/uploads\/2026\/04\/ManthosOwner.jpg 768w, https:\/\/mattheosselections.com\/wp-content\/uploads\/2026\/04\/ManthosOwner-211x300.jpg 211w, https:\/\/mattheosselections.com\/wp-content\/uploads\/2026\/04\/ManthosOwner-721x1024.jpg 721w, https:\/\/mattheosselections.com\/wp-content\/uploads\/2026\/04\/ManthosOwner-8x12.jpg 8w, https:\/\/mattheosselections.com\/wp-content\/uploads\/2026\/04\/ManthosOwner-600x852.jpg 600w\" sizes=\"auto, (max-width: 768px) 100vw, 768px\" \/>\t\t\t\t\t\t\t\t\t\t\t\t\t\t\t<\/div>\n\t\t\t\t<\/div>\n\t\t\t\t<div class=\"elementor-element elementor-element-2930108 elementor-hidden-mobile elementor-widget elementor-widget-image\" data-id=\"2930108\" data-element_type=\"widget\" data-e-type=\"widget\" data-settings=\"{&quot;_animation&quot;:&quot;none&quot;}\" data-widget_type=\"image.default\">\n\t\t\t\t<div class=\"elementor-widget-container\">\n\t\t\t\t\t\t\t\t\t\t\t\t\t\t\t<img loading=\"lazy\" decoding=\"async\" width=\"768\" height=\"1091\" src=\"https:\/\/mattheosselections.com\/wp-content\/uploads\/2026\/04\/ManthosOwner.jpg\" class=\"attachment-full size-full wp-image-3197\" alt=\"\" srcset=\"https:\/\/mattheosselections.com\/wp-content\/uploads\/2026\/04\/ManthosOwner.jpg 768w, https:\/\/mattheosselections.com\/wp-content\/uploads\/2026\/04\/ManthosOwner-211x300.jpg 211w, https:\/\/mattheosselections.com\/wp-content\/uploads\/2026\/04\/ManthosOwner-721x1024.jpg 721w, https:\/\/mattheosselections.com\/wp-content\/uploads\/2026\/04\/ManthosOwner-8x12.jpg 8w, https:\/\/mattheosselections.com\/wp-content\/uploads\/2026\/04\/ManthosOwner-600x852.jpg 600w\" sizes=\"auto, (max-width: 768px) 100vw, 768px\" \/>\t\t\t\t\t\t\t\t\t\t\t\t\t\t\t<\/div>\n\t\t\t\t<\/div>\n\t\t\t\t<\/div>\n\t\t<div class=\"elementor-element elementor-element-4d20d65 e-con-full e-flex e-con e-child\" data-id=\"4d20d65\" data-element_type=\"container\" data-e-type=\"container\" data-settings=\"{&quot;background_background&quot;:&quot;classic&quot;}\">\n\t\t\t\t<div class=\"elementor-element elementor-element-4328a2b elementor-widget elementor-widget-heading\" data-id=\"4328a2b\" data-element_type=\"widget\" data-e-type=\"widget\" data-widget_type=\"heading.default\">\n\t\t\t\t<div class=\"elementor-widget-container\">\n\t\t\t\t\t<span class=\"elementor-heading-title elementor-size-default\">About Us<\/span>\t\t\t\t<\/div>\n\t\t\t\t<\/div>\n\t\t\t\t<div class=\"elementor-element elementor-element-56ebe14 elementor-widget elementor-widget-heading\" data-id=\"56ebe14\" data-element_type=\"widget\" data-e-type=\"widget\" data-widget_type=\"heading.default\">\n\t\t\t\t<div class=\"elementor-widget-container\">\n\t\t\t\t\t<h2 class=\"elementor-heading-title elementor-size-default\">Well-being and natural energy, derived from all of nature's best ingredients.<\/h2>\t\t\t\t<\/div>\n\t\t\t\t<\/div>\n\t\t\t\t<div class=\"elementor-element elementor-element-93cd7cf elementor-widget elementor-widget-text-editor\" data-id=\"93cd7cf\" data-element_type=\"widget\" data-e-type=\"widget\" data-widget_type=\"text-editor.default\">\n\t\t\t\t<div class=\"elementor-widget-container\">\n\t\t\t\t\t\t\t\t\t<p>My name is Mattheos Tasios and I have always had a passion for natural products that give me energy and well-being. In order to preserve their authenticity and important properties, I have often chosen to buy from small producers. Over the years, I have collected products for myself and my family and noticed that those around me also appreciated them. My idea was to make these amazing products available to more people and share with them the health benefits they offer.<\/p>\t\t\t\t\t\t\t\t<\/div>\n\t\t\t\t<\/div>\n\t\t\t\t<\/div>\n\t\t\t\t<\/div>\n\t\t<div class=\"elementor-element elementor-element-942c64a e-con-full e-flex e-con e-child\" data-id=\"942c64a\" data-element_type=\"container\" data-e-type=\"container\">\n\t\t<div class=\"elementor-element elementor-element-68ed368 e-con-full e-flex e-con e-child\" data-id=\"68ed368\" data-element_type=\"container\" data-e-type=\"container\" data-settings=\"{&quot;background_background&quot;:&quot;classic&quot;}\">\n\t\t\t\t<div class=\"elementor-element elementor-element-1c4f808 elementor-widget__width-initial elementor-widget-mobile__width-initial elementor-widget elementor-widget-image\" data-id=\"1c4f808\" data-element_type=\"widget\" data-e-type=\"widget\" data-widget_type=\"image.default\">\n\t\t\t\t<div class=\"elementor-widget-container\">\n\t\t\t\t\t\t\t\t\t\t\t\t\t\t\t<img loading=\"lazy\" decoding=\"async\" width=\"458\" height=\"512\" src=\"https:\/\/mattheosselections.com\/wp-content\/uploads\/2025\/04\/Icon-2-1.png\" class=\"attachment-full size-full wp-image-275\" alt=\"Naturlig ren honungsburk\" srcset=\"https:\/\/mattheosselections.com\/wp-content\/uploads\/2025\/04\/Icon-2-1.png 458w, https:\/\/mattheosselections.com\/wp-content\/uploads\/2025\/04\/Icon-2-1-268x300.png 268w\" sizes=\"auto, (max-width: 458px) 100vw, 458px\" \/>\t\t\t\t\t\t\t\t\t\t\t\t\t\t\t<\/div>\n\t\t\t\t<\/div>\n\t\t\t\t<div class=\"elementor-element elementor-element-df90281 elementor-widget__width-initial elementor-widget-mobile__width-inherit elementor-widget elementor-widget-icon-box\" data-id=\"df90281\" data-element_type=\"widget\" data-e-type=\"widget\" data-widget_type=\"icon-box.default\">\n\t\t\t\t<div class=\"elementor-widget-container\">\n\t\t\t\t\t\t\t<div class=\"elementor-icon-box-wrapper\">\n\n\t\t\t\n\t\t\t\t\t\t<div class=\"elementor-icon-box-content\">\n\n\t\t\t\t\t\t\t\t\t<h3 class=\"elementor-icon-box-title\">\n\t\t\t\t\t\t<span  >\n\t\t\t\t\t\t\tSustainably Sourced\t\t\t\t\t\t<\/span>\n\t\t\t\t\t<\/h3>\n\t\t\t\t\n\t\t\t\t\t\t\t\t\t<p class=\"elementor-icon-box-description\">\n\t\t\t\t\t\tOur commitment to ethical and sustainable beekeeping practices ensures high-quality products while protecting bee populations and the environment.\n\n\t\t\t\t\t<\/p>\n\t\t\t\t\n\t\t\t<\/div>\n\t\t\t\n\t\t<\/div>\n\t\t\t\t\t\t<\/div>\n\t\t\t\t<\/div>\n\t\t\t\t<\/div>\n\t\t<div class=\"elementor-element elementor-element-7cde268 e-con-full e-flex e-con e-child\" data-id=\"7cde268\" data-element_type=\"container\" data-e-type=\"container\" data-settings=\"{&quot;background_background&quot;:&quot;classic&quot;}\">\n\t\t\t\t<div class=\"elementor-element elementor-element-2f8ec8e elementor-widget__width-initial elementor-widget-mobile__width-initial elementor-widget elementor-widget-image\" data-id=\"2f8ec8e\" data-element_type=\"widget\" data-e-type=\"widget\" data-widget_type=\"image.default\">\n\t\t\t\t<div class=\"elementor-widget-container\">\n\t\t\t\t\t\t\t\t\t\t\t\t\t\t\t<img loading=\"lazy\" decoding=\"async\" width=\"458\" height=\"512\" src=\"https:\/\/mattheosselections.com\/wp-content\/uploads\/2025\/04\/Icon-1.png\" class=\"attachment-full size-full wp-image-89\" alt=\"Premium honung kvalitetsm\u00e4rke\" srcset=\"https:\/\/mattheosselections.com\/wp-content\/uploads\/2025\/04\/Icon-1.png 458w, https:\/\/mattheosselections.com\/wp-content\/uploads\/2025\/04\/Icon-1-268x300.png 268w\" sizes=\"auto, (max-width: 458px) 100vw, 458px\" \/>\t\t\t\t\t\t\t\t\t\t\t\t\t\t\t<\/div>\n\t\t\t\t<\/div>\n\t\t\t\t<div class=\"elementor-element elementor-element-b2fdfdf elementor-widget__width-initial elementor-widget-mobile__width-inherit elementor-widget elementor-widget-icon-box\" data-id=\"b2fdfdf\" data-element_type=\"widget\" data-e-type=\"widget\" data-widget_type=\"icon-box.default\">\n\t\t\t\t<div class=\"elementor-widget-container\">\n\t\t\t\t\t\t\t<div class=\"elementor-icon-box-wrapper\">\n\n\t\t\t\n\t\t\t\t\t\t<div class=\"elementor-icon-box-content\">\n\n\t\t\t\t\t\t\t\t\t<h3 class=\"elementor-icon-box-title\">\n\t\t\t\t\t\t<span  >\n\t\t\t\t\t\t\t100% Natural &amp; Pure\t\t\t\t\t\t<\/span>\n\t\t\t\t\t<\/h3>\n\t\t\t\t\n\t\t\t\t\t\t\t\t\t<p class=\"elementor-icon-box-description\">\n\t\t\t\t\t\tWe ensure that all our products, from honey to skincare, are made using only the finest natural ingredients. No additives, no preservatives\u2014just pure goodness from nature.\t\t\t\t\t<\/p>\n\t\t\t\t\n\t\t\t<\/div>\n\t\t\t\n\t\t<\/div>\n\t\t\t\t\t\t<\/div>\n\t\t\t\t<\/div>\n\t\t\t\t<\/div>\n\t\t\t\t<\/div>\n\t\t\t\t\t<\/div>\n\t\t\t\t<\/div>\n\t\t\t\t<\/div>","protected":false},"excerpt":{"rendered":"<p>Om oss V\u00e4lm\u00e5ende och naturlig energi, h\u00e4mtad fr\u00e5n naturens alla b\u00e4sta ingredienser. Mitt namn \u00e4r Mattheos Tasios och jag har [&hellip;]<\/p>\n","protected":false},"author":34,"featured_media":0,"parent":0,"menu_order":0,"comment_status":"closed","ping_status":"closed","template":"elementor_header_footer","meta":{"site-sidebar-layout":"no-sidebar","site-content-layout":"","ast-site-content-layout":"full-width-container","site-content-style":"default","site-sidebar-style":"default","ast-global-header-display":"","ast-banner-title-visibility":"","ast-main-header-display":"","ast-hfb-above-header-display":"","ast-hfb-below-header-display":"","ast-hfb-mobile-header-display":"","site-post-title":"","ast-breadcrumbs-content":"","ast-featured-img":"disabled","footer-sml-layout":"","ast-disable-related-posts":"","theme-transparent-header-meta":"","adv-header-id-meta":"","stick-header-meta":"","header-above-stick-meta":"","header-main-stick-meta":"","header-below-stick-meta":"","astra-migrate-meta-layouts":"default","ast-page-background-enabled":"default","ast-page-background-meta":{"desktop":{"background-color":"var(--ast-global-color-5)","background-image":"","background-repeat":"repeat","background-position":"center center","background-size":"auto","background-attachment":"scroll","background-type":"","background-media":"","overlay-type":"","overlay-color":"","overlay-opacity":"","overlay-gradient":""},"tablet":{"background-color":"","background-image":"","background-repeat":"repeat","background-position":"center center","background-size":"auto","background-attachment":"scroll","background-type":"","background-media":"","overlay-type":"","overlay-color":"","overlay-opacity":"","overlay-gradient":""},"mobile":{"background-color":"","background-image":"","background-repeat":"repeat","background-position":"center center","background-size":"auto","background-attachment":"scroll","background-type":"","background-media":"","overlay-type":"","overlay-color":"","overlay-opacity":"","overlay-gradient":""}},"ast-content-background-meta":{"desktop":{"background-color":"var(--ast-global-color-4)","background-image":"","background-repeat":"repeat","background-position":"center center","background-size":"auto","background-attachment":"scroll","background-type":"","background-media":"","overlay-type":"","overlay-color":"","overlay-opacity":"","overlay-gradient":""},"tablet":{"background-color":"var(--ast-global-color-4)","background-image":"","background-repeat":"repeat","background-position":"center center","background-size":"auto","background-attachment":"scroll","background-type":"","background-media":"","overlay-type":"","overlay-color":"","overlay-opacity":"","overlay-gradient":""},"mobile":{"background-color":"var(--ast-global-color-4)","background-image":"","background-repeat":"repeat","background-position":"center center","background-size":"auto","background-attachment":"scroll","background-type":"","background-media":"","overlay-type":"","overlay-color":"","overlay-opacity":"","overlay-gradient":""}},"footnotes":""},"class_list":["post-3186","page","type-page","status-publish","hentry"],"yoast_head":"<!-- This site is optimized with the Yoast SEO plugin v27.4 - https:\/\/yoast.com\/product\/yoast-seo-wordpress\/ -->\n<title>test - Mattheos Selections<\/title>\n<meta name=\"robots\" content=\"index, follow, max-snippet:-1, max-image-preview:large, max-video-preview:-1\" \/>\n<link rel=\"canonical\" href=\"https:\/\/mattheosselections.com\/en\/test\/\" \/>\n<meta property=\"og:locale\" content=\"en_US\" \/>\n<meta property=\"og:type\" content=\"article\" \/>\n<meta property=\"og:title\" content=\"test - Mattheos Selections\" \/>\n<meta property=\"og:description\" content=\"Om oss V\u00e4lm\u00e5ende och naturlig energi, h\u00e4mtad fr\u00e5n naturens alla b\u00e4sta ingredienser. Mitt namn \u00e4r Mattheos Tasios och jag har [&hellip;]\" \/>\n<meta property=\"og:url\" content=\"https:\/\/mattheosselections.com\/en\/test\/\" \/>\n<meta property=\"og:site_name\" content=\"Mattheos Selections\" \/>\n<meta property=\"article:publisher\" content=\"https:\/\/www.facebook.com\/profile.php?id=61575561185894\" \/>\n<meta property=\"article:modified_time\" content=\"2026-04-28T05:52:16+00:00\" \/>\n<meta property=\"og:image\" content=\"https:\/\/mattheosselections.com\/wp-content\/uploads\/2026\/04\/ManthosOwner.jpg\" \/>\n\t<meta property=\"og:image:width\" content=\"768\" \/>\n\t<meta property=\"og:image:height\" content=\"1091\" \/>\n\t<meta property=\"og:image:type\" content=\"image\/jpeg\" \/>\n<meta name=\"twitter:card\" content=\"summary_large_image\" \/>\n<meta name=\"twitter:label1\" content=\"Est. reading time\" \/>\n\t<meta name=\"twitter:data1\" content=\"2 minutes\" \/>\n<script type=\"application\/ld+json\" class=\"yoast-schema-graph\">{\"@context\":\"https:\\\/\\\/schema.org\",\"@graph\":[{\"@type\":\"WebPage\",\"@id\":\"https:\\\/\\\/mattheosselections.com\\\/test\\\/\",\"url\":\"https:\\\/\\\/mattheosselections.com\\\/test\\\/\",\"name\":\"test - Mattheos Selections\",\"isPartOf\":{\"@id\":\"https:\\\/\\\/mattheosselections.com\\\/#website\"},\"primaryImageOfPage\":{\"@id\":\"https:\\\/\\\/mattheosselections.com\\\/test\\\/#primaryimage\"},\"image\":{\"@id\":\"https:\\\/\\\/mattheosselections.com\\\/test\\\/#primaryimage\"},\"thumbnailUrl\":\"https:\\\/\\\/mattheosselections.com\\\/wp-content\\\/uploads\\\/2026\\\/04\\\/ManthosOwner.jpg\",\"datePublished\":\"2026-04-28T05:40:54+00:00\",\"dateModified\":\"2026-04-28T05:52:16+00:00\",\"breadcrumb\":{\"@id\":\"https:\\\/\\\/mattheosselections.com\\\/test\\\/#breadcrumb\"},\"inLanguage\":\"en-US\",\"potentialAction\":[{\"@type\":\"ReadAction\",\"target\":[\"https:\\\/\\\/mattheosselections.com\\\/test\\\/\"]}]},{\"@type\":\"ImageObject\",\"inLanguage\":\"en-US\",\"@id\":\"https:\\\/\\\/mattheosselections.com\\\/test\\\/#primaryimage\",\"url\":\"https:\\\/\\\/mattheosselections.com\\\/wp-content\\\/uploads\\\/2026\\\/04\\\/ManthosOwner.jpg\",\"contentUrl\":\"https:\\\/\\\/mattheosselections.com\\\/wp-content\\\/uploads\\\/2026\\\/04\\\/ManthosOwner.jpg\"},{\"@type\":\"BreadcrumbList\",\"@id\":\"https:\\\/\\\/mattheosselections.com\\\/test\\\/#breadcrumb\",\"itemListElement\":[{\"@type\":\"ListItem\",\"position\":1,\"name\":\"Home\",\"item\":\"https:\\\/\\\/mattheosselections.com\\\/\"},{\"@type\":\"ListItem\",\"position\":2,\"name\":\"test\"}]},{\"@type\":\"WebSite\",\"@id\":\"https:\\\/\\\/mattheosselections.com\\\/#website\",\"url\":\"https:\\\/\\\/mattheosselections.com\\\/\",\"name\":\"Mattheos Selections\",\"description\":\"\",\"potentialAction\":[{\"@type\":\"SearchAction\",\"target\":{\"@type\":\"EntryPoint\",\"urlTemplate\":\"https:\\\/\\\/mattheosselections.com\\\/?s={search_term_string}\"},\"query-input\":{\"@type\":\"PropertyValueSpecification\",\"valueRequired\":true,\"valueName\":\"search_term_string\"}}],\"inLanguage\":\"en-US\"}]}<\/script>\n<!-- \/ Yoast SEO plugin. -->","yoast_head_json":{"title":"test - Mattheos Selections","robots":{"index":"index","follow":"follow","max-snippet":"max-snippet:-1","max-image-preview":"max-image-preview:large","max-video-preview":"max-video-preview:-1"},"canonical":"https:\/\/mattheosselections.com\/en\/test\/","og_locale":"en_US","og_type":"article","og_title":"test - Mattheos Selections","og_description":"Om oss V\u00e4lm\u00e5ende och naturlig energi, h\u00e4mtad fr\u00e5n naturens alla b\u00e4sta ingredienser. Mitt namn \u00e4r Mattheos Tasios och jag har [&hellip;]","og_url":"https:\/\/mattheosselections.com\/en\/test\/","og_site_name":"Mattheos Selections","article_publisher":"https:\/\/www.facebook.com\/profile.php?id=61575561185894","article_modified_time":"2026-04-28T05:52:16+00:00","og_image":[{"width":768,"height":1091,"url":"https:\/\/mattheosselections.com\/wp-content\/uploads\/2026\/04\/ManthosOwner.jpg","type":"image\/jpeg"}],"twitter_card":"summary_large_image","twitter_misc":{"Est. reading time":"2 minutes"},"schema":{"@context":"https:\/\/schema.org","@graph":[{"@type":"WebPage","@id":"https:\/\/mattheosselections.com\/test\/","url":"https:\/\/mattheosselections.com\/test\/","name":"test - Mattheos Selections","isPartOf":{"@id":"https:\/\/mattheosselections.com\/#website"},"primaryImageOfPage":{"@id":"https:\/\/mattheosselections.com\/test\/#primaryimage"},"image":{"@id":"https:\/\/mattheosselections.com\/test\/#primaryimage"},"thumbnailUrl":"https:\/\/mattheosselections.com\/wp-content\/uploads\/2026\/04\/ManthosOwner.jpg","datePublished":"2026-04-28T05:40:54+00:00","dateModified":"2026-04-28T05:52:16+00:00","breadcrumb":{"@id":"https:\/\/mattheosselections.com\/test\/#breadcrumb"},"inLanguage":"en-US","potentialAction":[{"@type":"ReadAction","target":["https:\/\/mattheosselections.com\/test\/"]}]},{"@type":"ImageObject","inLanguage":"en-US","@id":"https:\/\/mattheosselections.com\/test\/#primaryimage","url":"https:\/\/mattheosselections.com\/wp-content\/uploads\/2026\/04\/ManthosOwner.jpg","contentUrl":"https:\/\/mattheosselections.com\/wp-content\/uploads\/2026\/04\/ManthosOwner.jpg"},{"@type":"BreadcrumbList","@id":"https:\/\/mattheosselections.com\/test\/#breadcrumb","itemListElement":[{"@type":"ListItem","position":1,"name":"Home","item":"https:\/\/mattheosselections.com\/"},{"@type":"ListItem","position":2,"name":"test"}]},{"@type":"WebSite","@id":"https:\/\/mattheosselections.com\/#website","url":"https:\/\/mattheosselections.com\/","name":"Mattheos Selections","description":"","potentialAction":[{"@type":"SearchAction","target":{"@type":"EntryPoint","urlTemplate":"https:\/\/mattheosselections.com\/?s={search_term_string}"},"query-input":{"@type":"PropertyValueSpecification","valueRequired":true,"valueName":"search_term_string"}}],"inLanguage":"en-US"}]}},"_links":{"self":[{"href":"https:\/\/mattheosselections.com\/en\/wp-json\/wp\/v2\/pages\/3186","targetHints":{"allow":["GET"]}}],"collection":[{"href":"https:\/\/mattheosselections.com\/en\/wp-json\/wp\/v2\/pages"}],"about":[{"href":"https:\/\/mattheosselections.com\/en\/wp-json\/wp\/v2\/types\/page"}],"author":[{"embeddable":true,"href":"https:\/\/mattheosselections.com\/en\/wp-json\/wp\/v2\/users\/34"}],"replies":[{"embeddable":true,"href":"https:\/\/mattheosselections.com\/en\/wp-json\/wp\/v2\/comments?post=3186"}],"version-history":[{"count":19,"href":"https:\/\/mattheosselections.com\/en\/wp-json\/wp\/v2\/pages\/3186\/revisions"}],"predecessor-version":[{"id":3209,"href":"https:\/\/mattheosselections.com\/en\/wp-json\/wp\/v2\/pages\/3186\/revisions\/3209"}],"wp:attachment":[{"href":"https:\/\/mattheosselections.com\/en\/wp-json\/wp\/v2\/media?parent=3186"}],"curies":[{"name":"wp","href":"https:\/\/api.w.org\/{rel}","templated":true}]}}