{"id":531,"date":"2025-04-15T13:25:08","date_gmt":"2025-04-15T13:25:08","guid":{"rendered":"https:\/\/handyweblab.com\/matheos\/?page_id=531"},"modified":"2026-04-11T19:46:42","modified_gmt":"2026-04-11T19:46:42","slug":"blog","status":"publish","type":"page","link":"https:\/\/mattheosselections.com\/en\/blog\/","title":{"rendered":"Blog"},"content":{"rendered":"<div data-elementor-type=\"wp-page\" data-elementor-id=\"531\" class=\"elementor elementor-531\" data-elementor-post-type=\"page\">\n\t\t\t\t<div class=\"elementor-element elementor-element-36d94b6a e-flex e-con-boxed e-con e-parent\" data-id=\"36d94b6a\" data-element_type=\"container\" data-e-type=\"container\" data-settings=\"{&quot;background_background&quot;:&quot;classic&quot;}\">\n\t\t\t\t\t<div class=\"e-con-inner\">\n\t\t\t\t<div class=\"elementor-element elementor-element-2590a756 elementor-widget elementor-widget-heading\" data-id=\"2590a756\" data-element_type=\"widget\" data-e-type=\"widget\" data-widget_type=\"heading.default\">\n\t\t\t\t<div class=\"elementor-widget-container\">\n\t\t\t\t\t<h1 class=\"elementor-heading-title elementor-size-default\">Blog<\/h1>\t\t\t\t<\/div>\n\t\t\t\t<\/div>\n\t\t<div class=\"elementor-element elementor-element-1362665 e-con-full e-flex e-con e-child\" data-id=\"1362665\" data-element_type=\"container\" data-e-type=\"container\" data-settings=\"{&quot;background_background&quot;:&quot;classic&quot;}\">\n\t\t\t\t<div class=\"elementor-element elementor-element-832b93d elementor-icon-list--layout-traditional elementor-list-item-link-full_width elementor-widget elementor-widget-icon-list\" data-id=\"832b93d\" data-element_type=\"widget\" data-e-type=\"widget\" data-widget_type=\"icon-list.default\">\n\t\t\t\t<div class=\"elementor-widget-container\">\n\t\t\t\t\t\t\t<ul class=\"elementor-icon-list-items\">\n\t\t\t\t\t\t\t<li class=\"elementor-icon-list-item\">\n\t\t\t\t\t\t\t\t\t\t\t<a href=\"https:\/\/mattheosselections.com\/en\/\">\n\n\t\t\t\t\t\t\t\t\t\t\t<span class=\"elementor-icon-list-text\">Home<\/span>\n\t\t\t\t\t\t\t\t\t\t\t<\/a>\n\t\t\t\t\t\t\t\t\t<\/li>\n\t\t\t\t\t\t<\/ul>\n\t\t\t\t\t\t<\/div>\n\t\t\t\t<\/div>\n\t\t\t\t<div class=\"elementor-element elementor-element-3bc0199 elementor-icon-list--layout-traditional elementor-list-item-link-full_width elementor-widget elementor-widget-icon-list\" data-id=\"3bc0199\" data-element_type=\"widget\" data-e-type=\"widget\" data-widget_type=\"icon-list.default\">\n\t\t\t\t<div class=\"elementor-widget-container\">\n\t\t\t\t\t\t\t<ul class=\"elementor-icon-list-items\">\n\t\t\t\t\t\t\t<li class=\"elementor-icon-list-item\">\n\t\t\t\t\t\t\t\t\t\t<span class=\"elementor-icon-list-text\">\/  Blog<\/span>\n\t\t\t\t\t\t\t\t\t<\/li>\n\t\t\t\t\t\t<\/ul>\n\t\t\t\t\t\t<\/div>\n\t\t\t\t<\/div>\n\t\t\t\t<\/div>\n\t\t\t\t\t<\/div>\n\t\t\t\t<\/div>\n\t\t<div class=\"elementor-element elementor-element-66db8395 e-flex e-con-boxed e-con e-parent\" data-id=\"66db8395\" data-element_type=\"container\" data-e-type=\"container\">\n\t\t\t\t\t<div class=\"e-con-inner\">\n\t\t\t\t<div class=\"elementor-element elementor-element-55ff4c1 single-blog-p elementor-grid-3 elementor-grid-tablet-2 elementor-grid-mobile-1 elementor-posts--thumbnail-top elementor-card-shadow-yes elementor-posts__hover-gradient elementor-widget elementor-widget-posts\" data-id=\"55ff4c1\" data-element_type=\"widget\" data-e-type=\"widget\" data-settings=\"{&quot;pagination_type&quot;:&quot;numbers_and_prev_next&quot;,&quot;cards_columns&quot;:&quot;3&quot;,&quot;cards_columns_tablet&quot;:&quot;2&quot;,&quot;cards_columns_mobile&quot;:&quot;1&quot;,&quot;cards_row_gap&quot;:{&quot;unit&quot;:&quot;px&quot;,&quot;size&quot;:35,&quot;sizes&quot;:[]},&quot;cards_row_gap_tablet&quot;:{&quot;unit&quot;:&quot;px&quot;,&quot;size&quot;:&quot;&quot;,&quot;sizes&quot;:[]},&quot;cards_row_gap_mobile&quot;:{&quot;unit&quot;:&quot;px&quot;,&quot;size&quot;:&quot;&quot;,&quot;sizes&quot;:[]}}\" data-widget_type=\"posts.cards\">\n\t\t\t\t<div class=\"elementor-widget-container\">\n\t\t\t\t\t\t\t<div class=\"elementor-posts-container elementor-posts elementor-posts--skin-cards elementor-grid\" role=\"list\">\n\t\t\t\t<article class=\"elementor-post elementor-grid-item post-2451 post type-post status-publish format-standard has-post-thumbnail hentry category-honey\" role=\"listitem\">\n\t\t\t<div class=\"elementor-post__card\">\n\t\t\t\t<a class=\"elementor-post__thumbnail__link\" href=\"https:\/\/mattheosselections.com\/en\/hallbar-biodling-en-vag-till-att-skydda-bin-och-planeten\/\" tabindex=\"-1\" ><div class=\"elementor-post__thumbnail\"><img loading=\"lazy\" decoding=\"async\" width=\"768\" height=\"1024\" src=\"https:\/\/mattheosselections.com\/wp-content\/uploads\/2026\/04\/Sustianable-768x1024.webp\" class=\"attachment-large size-large wp-image-3180\" alt=\"Sustianable\" srcset=\"https:\/\/mattheosselections.com\/wp-content\/uploads\/2026\/04\/Sustianable-768x1024.webp 768w, https:\/\/mattheosselections.com\/wp-content\/uploads\/2026\/04\/Sustianable-225x300.webp 225w, https:\/\/mattheosselections.com\/wp-content\/uploads\/2026\/04\/Sustianable-9x12.webp 9w, https:\/\/mattheosselections.com\/wp-content\/uploads\/2026\/04\/Sustianable-600x800.webp 600w, https:\/\/mattheosselections.com\/wp-content\/uploads\/2026\/04\/Sustianable.webp 896w\" sizes=\"auto, (max-width: 768px) 100vw, 768px\" \/><\/div><\/a>\n\t\t\t\t<div class=\"elementor-post__badge\">Honey<\/div>\n\t\t\t\t<div class=\"elementor-post__text\">\n\t\t\t\t<h3 class=\"elementor-post__title\">\n\t\t\t<a href=\"https:\/\/mattheosselections.com\/en\/hallbar-biodling-en-vag-till-att-skydda-bin-och-planeten\/\" >\n\t\t\t\tSustainable Beekeeping: A Path to Protecting Bees and the Planet\t\t\t<\/a>\n\t\t<\/h3>\n\t\t\t\t<div class=\"elementor-post__excerpt\">\n\t\t\t<p>Beekeeping has been practiced for thousands of years, but in today's world it has taken on a new meaning. As bee populations decline globally<\/p>\n\t\t<\/div>\n\t\t\n\t\t<a class=\"elementor-post__read-more\" href=\"https:\/\/mattheosselections.com\/en\/hallbar-biodling-en-vag-till-att-skydda-bin-och-planeten\/\" aria-label=\"Read more about H\u00e5llbar Biodling: En V\u00e4g till att Skydda Bin och Planeten\" tabindex=\"-1\" >\n\t\t\tRead More \u00bb\t\t<\/a>\n\n\t\t\t\t<\/div>\n\t\t\t\t\t<\/div>\n\t\t<\/article>\n\t\t\t\t<article class=\"elementor-post elementor-grid-item post-2448 post type-post status-publish format-standard has-post-thumbnail hentry category-honey\" role=\"listitem\">\n\t\t\t<div class=\"elementor-post__card\">\n\t\t\t\t<a class=\"elementor-post__thumbnail__link\" href=\"https:\/\/mattheosselections.com\/en\/pollineringens-betydelse-for-ekosystemet\/\" tabindex=\"-1\" ><div class=\"elementor-post__thumbnail\"><img loading=\"lazy\" decoding=\"async\" width=\"768\" height=\"1024\" src=\"https:\/\/mattheosselections.com\/wp-content\/uploads\/2026\/04\/Pollination-768x1024.webp\" class=\"attachment-large size-large wp-image-3179\" alt=\"\" srcset=\"https:\/\/mattheosselections.com\/wp-content\/uploads\/2026\/04\/Pollination-768x1024.webp 768w, https:\/\/mattheosselections.com\/wp-content\/uploads\/2026\/04\/Pollination-225x300.webp 225w, https:\/\/mattheosselections.com\/wp-content\/uploads\/2026\/04\/Pollination-9x12.webp 9w, https:\/\/mattheosselections.com\/wp-content\/uploads\/2026\/04\/Pollination-600x800.webp 600w, https:\/\/mattheosselections.com\/wp-content\/uploads\/2026\/04\/Pollination.webp 896w\" sizes=\"auto, (max-width: 768px) 100vw, 768px\" \/><\/div><\/a>\n\t\t\t\t<div class=\"elementor-post__badge\">Honey<\/div>\n\t\t\t\t<div class=\"elementor-post__text\">\n\t\t\t\t<h3 class=\"elementor-post__title\">\n\t\t\t<a href=\"https:\/\/mattheosselections.com\/en\/pollineringens-betydelse-for-ekosystemet\/\" >\n\t\t\t\tThe Importance of Pollination for the Ecosystem\t\t\t<\/a>\n\t\t<\/h3>\n\t\t\t\t<div class=\"elementor-post__excerpt\">\n\t\t\t<p>Beekeeping has been practiced for thousands of years, but in today's world it has taken on a new meaning. As bee populations decline globally<\/p>\n\t\t<\/div>\n\t\t\n\t\t<a class=\"elementor-post__read-more\" href=\"https:\/\/mattheosselections.com\/en\/pollineringens-betydelse-for-ekosystemet\/\" aria-label=\"Read more about Pollineringens Betydelse f\u00f6r Ekosystemet\" tabindex=\"-1\" >\n\t\t\tRead More \u00bb\t\t<\/a>\n\n\t\t\t\t<\/div>\n\t\t\t\t\t<\/div>\n\t\t<\/article>\n\t\t\t\t<article class=\"elementor-post elementor-grid-item post-2444 post type-post status-publish format-standard has-post-thumbnail hentry category-honey\" role=\"listitem\">\n\t\t\t<div class=\"elementor-post__card\">\n\t\t\t\t<a class=\"elementor-post__thumbnail__link\" href=\"https:\/\/mattheosselections.com\/en\/halsofordelarna-med-honung-naturens-gyllene-medicin\/\" tabindex=\"-1\" ><div class=\"elementor-post__thumbnail\"><img loading=\"lazy\" decoding=\"async\" width=\"896\" height=\"958\" src=\"https:\/\/mattheosselections.com\/wp-content\/uploads\/2026\/04\/Natural.webp\" class=\"attachment-large size-large wp-image-3182\" alt=\"\" srcset=\"https:\/\/mattheosselections.com\/wp-content\/uploads\/2026\/04\/Natural.webp 896w, https:\/\/mattheosselections.com\/wp-content\/uploads\/2026\/04\/Natural-281x300.webp 281w, https:\/\/mattheosselections.com\/wp-content\/uploads\/2026\/04\/Natural-768x821.webp 768w, https:\/\/mattheosselections.com\/wp-content\/uploads\/2026\/04\/Natural-11x12.webp 11w, https:\/\/mattheosselections.com\/wp-content\/uploads\/2026\/04\/Natural-600x642.webp 600w\" sizes=\"auto, (max-width: 896px) 100vw, 896px\" \/><\/div><\/a>\n\t\t\t\t<div class=\"elementor-post__badge\">Honey<\/div>\n\t\t\t\t<div class=\"elementor-post__text\">\n\t\t\t\t<h3 class=\"elementor-post__title\">\n\t\t\t<a href=\"https:\/\/mattheosselections.com\/en\/halsofordelarna-med-honung-naturens-gyllene-medicin\/\" >\n\t\t\t\tThe Health Benefits of Honey: Nature\u2019s Golden Medicine\t\t\t<\/a>\n\t\t<\/h3>\n\t\t\t\t<div class=\"elementor-post__excerpt\">\n\t\t\t<p>Honey is more than just a natural sweetener \u2013 it has been valued for centuries as both food and medicine.<\/p>\n\t\t<\/div>\n\t\t\n\t\t<a class=\"elementor-post__read-more\" href=\"https:\/\/mattheosselections.com\/en\/halsofordelarna-med-honung-naturens-gyllene-medicin\/\" aria-label=\"Read more about H\u00e4lsof\u00f6rdelarna med Honung: Naturens Gyllene Medicin\" tabindex=\"-1\" >\n\t\t\tRead More \u00bb\t\t<\/a>\n\n\t\t\t\t<\/div>\n\t\t\t\t\t<\/div>\n\t\t<\/article>\n\t\t\t\t<article class=\"elementor-post elementor-grid-item post-2439 post type-post status-publish format-standard has-post-thumbnail hentry category-honey\" role=\"listitem\">\n\t\t\t<div class=\"elementor-post__card\">\n\t\t\t\t<a class=\"elementor-post__thumbnail__link\" href=\"https:\/\/mattheosselections.com\/en\/de-osynliga-hjaltarna-i-var-matforsorjning-binas-roll-i-livsmedelskedjan\/\" tabindex=\"-1\" ><div class=\"elementor-post__thumbnail\"><img loading=\"lazy\" decoding=\"async\" width=\"844\" height=\"1024\" src=\"https:\/\/mattheosselections.com\/wp-content\/uploads\/2026\/04\/unsung-844x1024.webp\" class=\"attachment-large size-large wp-image-3181\" alt=\"\" srcset=\"https:\/\/mattheosselections.com\/wp-content\/uploads\/2026\/04\/unsung-844x1024.webp 844w, https:\/\/mattheosselections.com\/wp-content\/uploads\/2026\/04\/unsung-247x300.webp 247w, https:\/\/mattheosselections.com\/wp-content\/uploads\/2026\/04\/unsung-768x932.webp 768w, https:\/\/mattheosselections.com\/wp-content\/uploads\/2026\/04\/unsung-10x12.webp 10w, https:\/\/mattheosselections.com\/wp-content\/uploads\/2026\/04\/unsung-600x728.webp 600w, https:\/\/mattheosselections.com\/wp-content\/uploads\/2026\/04\/unsung.webp 1024w\" sizes=\"auto, (max-width: 844px) 100vw, 844px\" \/><\/div><\/a>\n\t\t\t\t<div class=\"elementor-post__badge\">Honey<\/div>\n\t\t\t\t<div class=\"elementor-post__text\">\n\t\t\t\t<h3 class=\"elementor-post__title\">\n\t\t\t<a href=\"https:\/\/mattheosselections.com\/en\/de-osynliga-hjaltarna-i-var-matforsorjning-binas-roll-i-livsmedelskedjan\/\" >\n\t\t\t\tThe Unsung Heroes of Our Plates: The Role of Bees in Food Supply\t\t\t<\/a>\n\t\t<\/h3>\n\t\t\t\t<div class=\"elementor-post__excerpt\">\n\t\t\t<p>Beekeeping has been practiced for thousands of years, but in today's world it has taken on a new meaning. As bee populations decline globally<\/p>\n\t\t<\/div>\n\t\t\n\t\t<a class=\"elementor-post__read-more\" href=\"https:\/\/mattheosselections.com\/en\/de-osynliga-hjaltarna-i-var-matforsorjning-binas-roll-i-livsmedelskedjan\/\" aria-label=\"Read more about De Osynliga Hj\u00e4ltarna i V\u00e5r Matf\u00f6rs\u00f6rjning: Binas Roll i Livsmedelskedjan\" tabindex=\"-1\" >\n\t\t\tRead More \u00bb\t\t<\/a>\n\n\t\t\t\t<\/div>\n\t\t\t\t\t<\/div>\n\t\t<\/article>\n\t\t\t\t<article class=\"elementor-post elementor-grid-item post-2435 post type-post status-publish format-standard has-post-thumbnail hentry category-honey\" role=\"listitem\">\n\t\t\t<div class=\"elementor-post__card\">\n\t\t\t\t<a class=\"elementor-post__thumbnail__link\" href=\"https:\/\/mattheosselections.com\/en\/skillnader-mellan-olika-typer-av-honun\/\" tabindex=\"-1\" ><div class=\"elementor-post__thumbnail\"><img loading=\"lazy\" decoding=\"async\" width=\"768\" height=\"1024\" src=\"https:\/\/mattheosselections.com\/wp-content\/uploads\/2026\/04\/diffrent-768x1024.webp\" class=\"attachment-large size-large wp-image-3178\" alt=\"\" srcset=\"https:\/\/mattheosselections.com\/wp-content\/uploads\/2026\/04\/diffrent-768x1024.webp 768w, https:\/\/mattheosselections.com\/wp-content\/uploads\/2026\/04\/diffrent-225x300.webp 225w, https:\/\/mattheosselections.com\/wp-content\/uploads\/2026\/04\/diffrent-9x12.webp 9w, https:\/\/mattheosselections.com\/wp-content\/uploads\/2026\/04\/diffrent-600x800.webp 600w, https:\/\/mattheosselections.com\/wp-content\/uploads\/2026\/04\/diffrent.webp 896w\" sizes=\"auto, (max-width: 768px) 100vw, 768px\" \/><\/div><\/a>\n\t\t\t\t<div class=\"elementor-post__badge\">Honey<\/div>\n\t\t\t\t<div class=\"elementor-post__text\">\n\t\t\t\t<h3 class=\"elementor-post__title\">\n\t\t\t<a href=\"https:\/\/mattheosselections.com\/en\/skillnader-mellan-olika-typer-av-honun\/\" >\n\t\t\t\tDifferences Between Types of Honey\t\t\t<\/a>\n\t\t<\/h3>\n\t\t\t\t<div class=\"elementor-post__excerpt\">\n\t\t\t<p>Honey is not just a sweetener \u2013 it is a natural product with unique properties depending on its origin, flower type and<\/p>\n\t\t<\/div>\n\t\t\n\t\t<a class=\"elementor-post__read-more\" href=\"https:\/\/mattheosselections.com\/en\/skillnader-mellan-olika-typer-av-honun\/\" aria-label=\"Read more about Skillnader Mellan Olika Typer av Honun\" tabindex=\"-1\" >\n\t\t\tRead More \u00bb\t\t<\/a>\n\n\t\t\t\t<\/div>\n\t\t\t\t\t<\/div>\n\t\t<\/article>\n\t\t\t\t<article class=\"elementor-post elementor-grid-item post-2429 post type-post status-publish format-standard has-post-thumbnail hentry category-honey\" role=\"listitem\">\n\t\t\t<div class=\"elementor-post__card\">\n\t\t\t\t<a class=\"elementor-post__thumbnail__link\" href=\"https:\/\/mattheosselections.com\/en\/honey-in-traditional-medicine-swedens-natural-healer\/\" tabindex=\"-1\" ><div class=\"elementor-post__thumbnail\"><img loading=\"lazy\" decoding=\"async\" width=\"768\" height=\"1024\" src=\"https:\/\/mattheosselections.com\/wp-content\/uploads\/2026\/04\/heney-768x1024.webp\" class=\"attachment-large size-large wp-image-3177\" alt=\"\" srcset=\"https:\/\/mattheosselections.com\/wp-content\/uploads\/2026\/04\/heney-768x1024.webp 768w, https:\/\/mattheosselections.com\/wp-content\/uploads\/2026\/04\/heney-225x300.webp 225w, https:\/\/mattheosselections.com\/wp-content\/uploads\/2026\/04\/heney-9x12.webp 9w, https:\/\/mattheosselections.com\/wp-content\/uploads\/2026\/04\/heney-600x800.webp 600w, https:\/\/mattheosselections.com\/wp-content\/uploads\/2026\/04\/heney.webp 896w\" sizes=\"auto, (max-width: 768px) 100vw, 768px\" \/><\/div><\/a>\n\t\t\t\t<div class=\"elementor-post__badge\">Honey<\/div>\n\t\t\t\t<div class=\"elementor-post__text\">\n\t\t\t\t<h3 class=\"elementor-post__title\">\n\t\t\t<a href=\"https:\/\/mattheosselections.com\/en\/honey-in-traditional-medicine-swedens-natural-healer\/\" >\n\t\t\t\tHoney in Traditional Medicine: Sweden\u2019s Natural Healer\t\t\t<\/a>\n\t\t<\/h3>\n\t\t\t\t<div class=\"elementor-post__excerpt\">\n\t\t\t<p>Honey has long been appreciated in Sweden \u2013 not only for its taste, but also for its healing properties. Through<\/p>\n\t\t<\/div>\n\t\t\n\t\t<a class=\"elementor-post__read-more\" href=\"https:\/\/mattheosselections.com\/en\/honey-in-traditional-medicine-swedens-natural-healer\/\" aria-label=\"Read more about Honung i Traditionell Medicin: Sveriges Naturliga L\u00e4kev\u00e4xt\" tabindex=\"-1\" >\n\t\t\tRead More \u00bb\t\t<\/a>\n\n\t\t\t\t<\/div>\n\t\t\t\t\t<\/div>\n\t\t<\/article>\n\t\t\t\t<\/div>\n\t\t\n\t\t\t\t\t\t<\/div>\n\t\t\t\t<\/div>\n\t\t\t\t\t<\/div>\n\t\t\t\t<\/div>\n\t\t\t\t<\/div>","protected":false},"excerpt":{"rendered":"<p>Blog Home \/ Blog<\/p>","protected":false},"author":19,"featured_media":0,"parent":0,"menu_order":0,"comment_status":"closed","ping_status":"closed","template":"","meta":{"site-sidebar-layout":"no-sidebar","site-content-layout":"","ast-site-content-layout":"full-width-container","site-content-style":"default","site-sidebar-style":"default","ast-global-header-display":"","ast-banner-title-visibility":"","ast-main-header-display":"","ast-hfb-above-header-display":"","ast-hfb-below-header-display":"","ast-hfb-mobile-header-display":"","site-post-title":"disabled","ast-breadcrumbs-content":"","ast-featured-img":"disabled","footer-sml-layout":"","ast-disable-related-posts":"","theme-transparent-header-meta":"","adv-header-id-meta":"","stick-header-meta":"","header-above-stick-meta":"","header-main-stick-meta":"","header-below-stick-meta":"","astra-migrate-meta-layouts":"default","ast-page-background-enabled":"default","ast-page-background-meta":{"desktop":{"background-color":"var(--ast-global-color-5)","background-image":"","background-repeat":"repeat","background-position":"center center","background-size":"auto","background-attachment":"scroll","background-type":"","background-media":"","overlay-type":"","overlay-color":"","overlay-opacity":"","overlay-gradient":""},"tablet":{"background-color":"","background-image":"","background-repeat":"repeat","background-position":"center center","background-size":"auto","background-attachment":"scroll","background-type":"","background-media":"","overlay-type":"","overlay-color":"","overlay-opacity":"","overlay-gradient":""},"mobile":{"background-color":"","background-image":"","background-repeat":"repeat","background-position":"center center","background-size":"auto","background-attachment":"scroll","background-type":"","background-media":"","overlay-type":"","overlay-color":"","overlay-opacity":"","overlay-gradient":""}},"ast-content-background-meta":{"desktop":{"background-color":"var(--ast-global-color-4)","background-image":"","background-repeat":"repeat","background-position":"center center","background-size":"auto","background-attachment":"scroll","background-type":"","background-media":"","overlay-type":"","overlay-color":"","overlay-opacity":"","overlay-gradient":""},"tablet":{"background-color":"var(--ast-global-color-4)","background-image":"","background-repeat":"repeat","background-position":"center center","background-size":"auto","background-attachment":"scroll","background-type":"","background-media":"","overlay-type":"","overlay-color":"","overlay-opacity":"","overlay-gradient":""},"mobile":{"background-color":"var(--ast-global-color-4)","background-image":"","background-repeat":"repeat","background-position":"center center","background-size":"auto","background-attachment":"scroll","background-type":"","background-media":"","overlay-type":"","overlay-color":"","overlay-opacity":"","overlay-gradient":""}},"footnotes":""},"class_list":["post-531","page","type-page","status-publish","hentry"],"yoast_head":"<!-- This site is optimized with the Yoast SEO plugin v27.5 - https:\/\/yoast.com\/product\/yoast-seo-wordpress\/ -->\n<title>Blogg | Honung, olivolja och tips f\u00f6r h\u00e4lsosam livsstil<\/title>\n<meta name=\"description\" content=\"Kolla in anv\u00e4ndbara artiklar om honung, olivolja och matinspiration. F\u00e5 praktiska tips f\u00f6r daglig anv\u00e4ndning och b\u00e4ttre v\u00e4lbefinnande.\" \/>\n<meta name=\"robots\" content=\"index, follow, max-snippet:-1, max-image-preview:large, max-video-preview:-1\" \/>\n<link rel=\"canonical\" href=\"https:\/\/mattheosselections.com\/en\/blog\/\" \/>\n<meta property=\"og:locale\" content=\"en_US\" \/>\n<meta property=\"og:type\" content=\"article\" \/>\n<meta property=\"og:title\" content=\"Blogg | Honung, olivolja och tips f\u00f6r h\u00e4lsosam livsstil\" \/>\n<meta property=\"og:description\" content=\"Kolla in anv\u00e4ndbara artiklar om honung, olivolja och matinspiration. F\u00e5 praktiska tips f\u00f6r daglig anv\u00e4ndning och b\u00e4ttre v\u00e4lbefinnande.\" \/>\n<meta property=\"og:url\" content=\"https:\/\/mattheosselections.com\/en\/blog\/\" \/>\n<meta property=\"og:site_name\" content=\"Mattheos Selections\" \/>\n<meta property=\"article:publisher\" content=\"https:\/\/www.facebook.com\/profile.php?id=61575561185894\" \/>\n<meta property=\"article:modified_time\" content=\"2026-04-11T19:46:42+00:00\" \/>\n<meta name=\"twitter:card\" content=\"summary_large_image\" \/>\n<meta name=\"twitter:label1\" content=\"Est. reading time\" \/>\n\t<meta name=\"twitter:data1\" content=\"1 minute\" \/>\n<script type=\"application\/ld+json\" class=\"yoast-schema-graph\">{\"@context\":\"https:\\\/\\\/schema.org\",\"@graph\":[{\"@type\":\"WebPage\",\"@id\":\"https:\\\/\\\/mattheosselections.com\\\/blog\\\/\",\"url\":\"https:\\\/\\\/mattheosselections.com\\\/blog\\\/\",\"name\":\"Blogg | Honung, olivolja och tips f\u00f6r h\u00e4lsosam livsstil\",\"isPartOf\":{\"@id\":\"https:\\\/\\\/mattheosselections.com\\\/#website\"},\"datePublished\":\"2025-04-15T13:25:08+00:00\",\"dateModified\":\"2026-04-11T19:46:42+00:00\",\"description\":\"Kolla in anv\u00e4ndbara artiklar om honung, olivolja och matinspiration. F\u00e5 praktiska tips f\u00f6r daglig anv\u00e4ndning och b\u00e4ttre v\u00e4lbefinnande.\",\"breadcrumb\":{\"@id\":\"https:\\\/\\\/mattheosselections.com\\\/blog\\\/#breadcrumb\"},\"inLanguage\":\"en-US\",\"potentialAction\":[{\"@type\":\"ReadAction\",\"target\":[\"https:\\\/\\\/mattheosselections.com\\\/blog\\\/\"]}]},{\"@type\":\"BreadcrumbList\",\"@id\":\"https:\\\/\\\/mattheosselections.com\\\/blog\\\/#breadcrumb\",\"itemListElement\":[{\"@type\":\"ListItem\",\"position\":1,\"name\":\"Home\",\"item\":\"https:\\\/\\\/mattheosselections.com\\\/\"},{\"@type\":\"ListItem\",\"position\":2,\"name\":\"Blogg\"}]},{\"@type\":\"WebSite\",\"@id\":\"https:\\\/\\\/mattheosselections.com\\\/#website\",\"url\":\"https:\\\/\\\/mattheosselections.com\\\/\",\"name\":\"Mattheos Selections\",\"description\":\"\",\"potentialAction\":[{\"@type\":\"SearchAction\",\"target\":{\"@type\":\"EntryPoint\",\"urlTemplate\":\"https:\\\/\\\/mattheosselections.com\\\/?s={search_term_string}\"},\"query-input\":{\"@type\":\"PropertyValueSpecification\",\"valueRequired\":true,\"valueName\":\"search_term_string\"}}],\"inLanguage\":\"en-US\"}]}<\/script>\n<!-- \/ Yoast SEO plugin. -->","yoast_head_json":{"title":"Blogg | Honung, olivolja och tips f\u00f6r h\u00e4lsosam livsstil","description":"Kolla in anv\u00e4ndbara artiklar om honung, olivolja och matinspiration. F\u00e5 praktiska tips f\u00f6r daglig anv\u00e4ndning och b\u00e4ttre v\u00e4lbefinnande.","robots":{"index":"index","follow":"follow","max-snippet":"max-snippet:-1","max-image-preview":"max-image-preview:large","max-video-preview":"max-video-preview:-1"},"canonical":"https:\/\/mattheosselections.com\/en\/blog\/","og_locale":"en_US","og_type":"article","og_title":"Blogg | Honung, olivolja och tips f\u00f6r h\u00e4lsosam livsstil","og_description":"Kolla in anv\u00e4ndbara artiklar om honung, olivolja och matinspiration. F\u00e5 praktiska tips f\u00f6r daglig anv\u00e4ndning och b\u00e4ttre v\u00e4lbefinnande.","og_url":"https:\/\/mattheosselections.com\/en\/blog\/","og_site_name":"Mattheos Selections","article_publisher":"https:\/\/www.facebook.com\/profile.php?id=61575561185894","article_modified_time":"2026-04-11T19:46:42+00:00","twitter_card":"summary_large_image","twitter_misc":{"Est. reading time":"1 minute"},"schema":{"@context":"https:\/\/schema.org","@graph":[{"@type":"WebPage","@id":"https:\/\/mattheosselections.com\/blog\/","url":"https:\/\/mattheosselections.com\/blog\/","name":"Blogg | Honung, olivolja och tips f\u00f6r h\u00e4lsosam livsstil","isPartOf":{"@id":"https:\/\/mattheosselections.com\/#website"},"datePublished":"2025-04-15T13:25:08+00:00","dateModified":"2026-04-11T19:46:42+00:00","description":"Kolla in anv\u00e4ndbara artiklar om honung, olivolja och matinspiration. F\u00e5 praktiska tips f\u00f6r daglig anv\u00e4ndning och b\u00e4ttre v\u00e4lbefinnande.","breadcrumb":{"@id":"https:\/\/mattheosselections.com\/blog\/#breadcrumb"},"inLanguage":"en-US","potentialAction":[{"@type":"ReadAction","target":["https:\/\/mattheosselections.com\/blog\/"]}]},{"@type":"BreadcrumbList","@id":"https:\/\/mattheosselections.com\/blog\/#breadcrumb","itemListElement":[{"@type":"ListItem","position":1,"name":"Home","item":"https:\/\/mattheosselections.com\/"},{"@type":"ListItem","position":2,"name":"Blogg"}]},{"@type":"WebSite","@id":"https:\/\/mattheosselections.com\/#website","url":"https:\/\/mattheosselections.com\/","name":"Mattheos Selections","description":"","potentialAction":[{"@type":"SearchAction","target":{"@type":"EntryPoint","urlTemplate":"https:\/\/mattheosselections.com\/?s={search_term_string}"},"query-input":{"@type":"PropertyValueSpecification","valueRequired":true,"valueName":"search_term_string"}}],"inLanguage":"en-US"}]}},"_links":{"self":[{"href":"https:\/\/mattheosselections.com\/en\/wp-json\/wp\/v2\/pages\/531","targetHints":{"allow":["GET"]}}],"collection":[{"href":"https:\/\/mattheosselections.com\/en\/wp-json\/wp\/v2\/pages"}],"about":[{"href":"https:\/\/mattheosselections.com\/en\/wp-json\/wp\/v2\/types\/page"}],"author":[{"embeddable":true,"href":"https:\/\/mattheosselections.com\/en\/wp-json\/wp\/v2\/users\/19"}],"replies":[{"embeddable":true,"href":"https:\/\/mattheosselections.com\/en\/wp-json\/wp\/v2\/comments?post=531"}],"version-history":[{"count":1,"href":"https:\/\/mattheosselections.com\/en\/wp-json\/wp\/v2\/pages\/531\/revisions"}],"predecessor-version":[{"id":2967,"href":"https:\/\/mattheosselections.com\/en\/wp-json\/wp\/v2\/pages\/531\/revisions\/2967"}],"wp:attachment":[{"href":"https:\/\/mattheosselections.com\/en\/wp-json\/wp\/v2\/media?parent=531"}],"curies":[{"name":"wp","href":"https:\/\/api.w.org\/{rel}","templated":true}]}}