{"id":1109,"date":"2025-04-21T08:23:41","date_gmt":"2025-04-21T08:23:41","guid":{"rendered":"https:\/\/handyweblab.com\/matheos\/?post_type=product&#038;p=1109"},"modified":"2026-03-02T04:48:21","modified_gmt":"2026-03-02T04:48:21","slug":"honung-med-gurkmeja-och-ingefara","status":"publish","type":"product","link":"https:\/\/mattheosselections.com\/en\/product\/honung-med-gurkmeja-och-ingefara\/","title":{"rendered":"Honey With Turmeric And Ginger 200gr"},"content":{"rendered":"<p>Turmeric Ginger Honey is a powerful combination of honey and two natural superfoods, turmeric and ginger, that offer both flavor and health benefits. Both turmeric and ginger are known for their strong anti-inflammatory properties, making this honey especially effective for relieving symptoms of colds and other illnesses. By reducing inflammation in the body, they help relieve sore throats, coughs, and other cold symptoms.\n\nThe combination of turmeric and ginger also makes honey rich in antioxidants, which help protect the body from harmful free radicals and strengthen the immune system. This honey is an excellent choice for providing the body with natural protection and promoting overall well-being.\n\nFor those looking for a healthy and tasty boost, this honey can be used in smoothies, juices or baked goods. It also acts as a natural sweetener for drinks and meals, making it a nutritious alternative to traditional sugars.<\/p>\n<p>The combination of turmeric and ginger also makes honey rich in antioxidants, which help protect the body from harmful free radicals and strengthen the immune system. This honey is an excellent choice for providing the body with natural protection and promoting overall well-being.<\/p>\n<p>For those looking for a healthy and tasty boost, this honey can be used in smoothies, juices or baked goods. It also acts as a natural sweetener for drinks and meals, making it a nutritious alternative to traditional sugars.<\/p>","protected":false},"excerpt":{"rendered":"<p>Gurkmeja- och ingef\u00e4rahonung \u00e4r en kraftfull kombination av honung och tv\u00e5 naturliga superlivsmedel, gurkmeja och ingef\u00e4ra, som erbjuder b\u00e5de smak [&hellip;]<\/p>\n","protected":false},"featured_media":2706,"template":"","meta":{"site-sidebar-layout":"default","site-content-layout":"","ast-site-content-layout":"default","site-content-style":"default","site-sidebar-style":"default","ast-global-header-display":"","ast-banner-title-visibility":"","ast-main-header-display":"","ast-hfb-above-header-display":"","ast-hfb-below-header-display":"","ast-hfb-mobile-header-display":"","site-post-title":"","ast-breadcrumbs-content":"","ast-featured-img":"","footer-sml-layout":"","ast-disable-related-posts":"","theme-transparent-header-meta":"default","adv-header-id-meta":"","stick-header-meta":"","header-above-stick-meta":"","header-main-stick-meta":"","header-below-stick-meta":"","astra-migrate-meta-layouts":"set","ast-page-background-enabled":"default","ast-page-background-meta":{"desktop":{"background-color":"var(--ast-global-color-5)","background-image":"","background-repeat":"repeat","background-position":"center center","background-size":"auto","background-attachment":"scroll","background-type":"","background-media":"","overlay-type":"","overlay-color":"","overlay-opacity":"","overlay-gradient":""},"tablet":{"background-color":"","background-image":"","background-repeat":"repeat","background-position":"center center","background-size":"auto","background-attachment":"scroll","background-type":"","background-media":"","overlay-type":"","overlay-color":"","overlay-opacity":"","overlay-gradient":""},"mobile":{"background-color":"","background-image":"","background-repeat":"repeat","background-position":"center center","background-size":"auto","background-attachment":"scroll","background-type":"","background-media":"","overlay-type":"","overlay-color":"","overlay-opacity":"","overlay-gradient":""}},"ast-content-background-meta":{"desktop":{"background-color":"var(--ast-global-color-4)","background-image":"","background-repeat":"repeat","background-position":"center center","background-size":"auto","background-attachment":"scroll","background-type":"","background-media":"","overlay-type":"","overlay-color":"","overlay-opacity":"","overlay-gradient":""},"tablet":{"background-color":"var(--ast-global-color-4)","background-image":"","background-repeat":"repeat","background-position":"center center","background-size":"auto","background-attachment":"scroll","background-type":"","background-media":"","overlay-type":"","overlay-color":"","overlay-opacity":"","overlay-gradient":""},"mobile":{"background-color":"var(--ast-global-color-4)","background-image":"","background-repeat":"repeat","background-position":"center center","background-size":"auto","background-attachment":"scroll","background-type":"","background-media":"","overlay-type":"","overlay-color":"","overlay-opacity":"","overlay-gradient":""}}},"product_brand":[],"product_cat":[32],"product_tag":[],"class_list":{"0":"post-1109","1":"product","2":"type-product","3":"status-publish","4":"has-post-thumbnail","6":"product_cat-superfood","7":"product_shipping_class-flat-rate","8":"desktop-align-left","9":"tablet-align-left","10":"mobile-align-left","12":"first","13":"outofstock","14":"taxable","15":"shipping-taxable","16":"purchasable","17":"product-type-simple"},"yoast_head":"<!-- This site is optimized with the Yoast SEO plugin v27.5 - https:\/\/yoast.com\/product\/yoast-seo-wordpress\/ -->\n<title>Honung med gurkmeja och ingef\u00e4ra 200 g<\/title>\n<meta name=\"description\" content=\"Premiumhonung blandad med aromatisk gurkmeja och f\u00e4rsk ingef\u00e4ra, som erbjuder en rik smak och naturliga h\u00e4lsof\u00f6rdelar f\u00f6r dagligt bruk.\" \/>\n<meta name=\"robots\" content=\"index, follow, max-snippet:-1, max-image-preview:large, max-video-preview:-1\" \/>\n<link rel=\"canonical\" href=\"https:\/\/mattheosselections.com\/en\/product\/honung-med-gurkmeja-och-ingefara\/\" \/>\n<meta property=\"og:locale\" content=\"en_US\" \/>\n<meta property=\"og:type\" content=\"article\" \/>\n<meta property=\"og:title\" content=\"Honung med gurkmeja och ingef\u00e4ra 200 g\" \/>\n<meta property=\"og:description\" content=\"Premiumhonung blandad med aromatisk gurkmeja och f\u00e4rsk ingef\u00e4ra, som erbjuder en rik smak och naturliga h\u00e4lsof\u00f6rdelar f\u00f6r dagligt bruk.\" \/>\n<meta property=\"og:url\" content=\"https:\/\/mattheosselections.com\/en\/product\/honung-med-gurkmeja-och-ingefara\/\" \/>\n<meta property=\"og:site_name\" content=\"Mattheos Selections\" \/>\n<meta property=\"article:publisher\" content=\"https:\/\/www.facebook.com\/profile.php?id=61575561185894\" \/>\n<meta property=\"article:modified_time\" content=\"2026-03-02T04:48:21+00:00\" \/>\n<meta property=\"og:image\" content=\"https:\/\/mattheosselections.com\/wp-content\/uploads\/2025\/04\/Gurkmeja_Inefara_0719.jpg\" \/>\n\t<meta property=\"og:image:width\" content=\"1000\" \/>\n\t<meta property=\"og:image:height\" content=\"1000\" \/>\n\t<meta property=\"og:image:type\" content=\"image\/jpeg\" \/>\n<meta name=\"twitter:card\" content=\"summary_large_image\" \/>\n<meta name=\"twitter:label1\" content=\"Est. reading time\" \/>\n\t<meta name=\"twitter:data1\" content=\"1 minute\" \/>\n<script type=\"application\/ld+json\" class=\"yoast-schema-graph\">{\"@context\":\"https:\\\/\\\/schema.org\",\"@graph\":[{\"@type\":\"WebPage\",\"@id\":\"https:\\\/\\\/mattheosselections.com\\\/product\\\/honung-med-gurkmeja-och-ingefara\\\/\",\"url\":\"https:\\\/\\\/mattheosselections.com\\\/product\\\/honung-med-gurkmeja-och-ingefara\\\/\",\"name\":\"Honung med gurkmeja och ingef\u00e4ra 200 g\",\"isPartOf\":{\"@id\":\"https:\\\/\\\/mattheosselections.com\\\/#website\"},\"primaryImageOfPage\":{\"@id\":\"https:\\\/\\\/mattheosselections.com\\\/product\\\/honung-med-gurkmeja-och-ingefara\\\/#primaryimage\"},\"image\":{\"@id\":\"https:\\\/\\\/mattheosselections.com\\\/product\\\/honung-med-gurkmeja-och-ingefara\\\/#primaryimage\"},\"thumbnailUrl\":\"https:\\\/\\\/mattheosselections.com\\\/wp-content\\\/uploads\\\/2025\\\/04\\\/Gurkmeja_Inefara_0719.jpg\",\"datePublished\":\"2025-04-21T08:23:41+00:00\",\"dateModified\":\"2026-03-02T04:48:21+00:00\",\"description\":\"Premiumhonung blandad med aromatisk gurkmeja och f\u00e4rsk ingef\u00e4ra, som erbjuder en rik smak och naturliga h\u00e4lsof\u00f6rdelar f\u00f6r dagligt bruk.\",\"breadcrumb\":{\"@id\":\"https:\\\/\\\/mattheosselections.com\\\/product\\\/honung-med-gurkmeja-och-ingefara\\\/#breadcrumb\"},\"inLanguage\":\"en-US\",\"potentialAction\":[{\"@type\":\"ReadAction\",\"target\":[\"https:\\\/\\\/mattheosselections.com\\\/product\\\/honung-med-gurkmeja-och-ingefara\\\/\"]}]},{\"@type\":\"ImageObject\",\"inLanguage\":\"en-US\",\"@id\":\"https:\\\/\\\/mattheosselections.com\\\/product\\\/honung-med-gurkmeja-och-ingefara\\\/#primaryimage\",\"url\":\"https:\\\/\\\/mattheosselections.com\\\/wp-content\\\/uploads\\\/2025\\\/04\\\/Gurkmeja_Inefara_0719.jpg\",\"contentUrl\":\"https:\\\/\\\/mattheosselections.com\\\/wp-content\\\/uploads\\\/2025\\\/04\\\/Gurkmeja_Inefara_0719.jpg\",\"width\":1000,\"height\":1000,\"caption\":\"Naturlig honung med gurkmeja och ingef\u00e4ra\"},{\"@type\":\"BreadcrumbList\",\"@id\":\"https:\\\/\\\/mattheosselections.com\\\/product\\\/honung-med-gurkmeja-och-ingefara\\\/#breadcrumb\",\"itemListElement\":[{\"@type\":\"ListItem\",\"position\":1,\"name\":\"Home\",\"item\":\"https:\\\/\\\/mattheosselections.com\\\/\"},{\"@type\":\"ListItem\",\"position\":2,\"name\":\"shop\",\"item\":\"https:\\\/\\\/mattheosselections.com\\\/shop\\\/\"},{\"@type\":\"ListItem\",\"position\":3,\"name\":\"Honung Med Gurkmeja Och Ingef\u00e4ra 200gr\"}]},{\"@type\":\"WebSite\",\"@id\":\"https:\\\/\\\/mattheosselections.com\\\/#website\",\"url\":\"https:\\\/\\\/mattheosselections.com\\\/\",\"name\":\"Mattheos Selections\",\"description\":\"\",\"potentialAction\":[{\"@type\":\"SearchAction\",\"target\":{\"@type\":\"EntryPoint\",\"urlTemplate\":\"https:\\\/\\\/mattheosselections.com\\\/?s={search_term_string}\"},\"query-input\":{\"@type\":\"PropertyValueSpecification\",\"valueRequired\":true,\"valueName\":\"search_term_string\"}}],\"inLanguage\":\"en-US\"}]}<\/script>\n<!-- \/ Yoast SEO plugin. -->","yoast_head_json":{"title":"Honung med gurkmeja och ingef\u00e4ra 200 g","description":"Premiumhonung blandad med aromatisk gurkmeja och f\u00e4rsk ingef\u00e4ra, som erbjuder en rik smak och naturliga h\u00e4lsof\u00f6rdelar f\u00f6r dagligt bruk.","robots":{"index":"index","follow":"follow","max-snippet":"max-snippet:-1","max-image-preview":"max-image-preview:large","max-video-preview":"max-video-preview:-1"},"canonical":"https:\/\/mattheosselections.com\/en\/product\/honung-med-gurkmeja-och-ingefara\/","og_locale":"en_US","og_type":"article","og_title":"Honung med gurkmeja och ingef\u00e4ra 200 g","og_description":"Premiumhonung blandad med aromatisk gurkmeja och f\u00e4rsk ingef\u00e4ra, som erbjuder en rik smak och naturliga h\u00e4lsof\u00f6rdelar f\u00f6r dagligt bruk.","og_url":"https:\/\/mattheosselections.com\/en\/product\/honung-med-gurkmeja-och-ingefara\/","og_site_name":"Mattheos Selections","article_publisher":"https:\/\/www.facebook.com\/profile.php?id=61575561185894","article_modified_time":"2026-03-02T04:48:21+00:00","og_image":[{"width":1000,"height":1000,"url":"https:\/\/mattheosselections.com\/wp-content\/uploads\/2025\/04\/Gurkmeja_Inefara_0719.jpg","type":"image\/jpeg"}],"twitter_card":"summary_large_image","twitter_misc":{"Est. reading time":"1 minute"},"schema":{"@context":"https:\/\/schema.org","@graph":[{"@type":"WebPage","@id":"https:\/\/mattheosselections.com\/product\/honung-med-gurkmeja-och-ingefara\/","url":"https:\/\/mattheosselections.com\/product\/honung-med-gurkmeja-och-ingefara\/","name":"Honung med gurkmeja och ingef\u00e4ra 200 g","isPartOf":{"@id":"https:\/\/mattheosselections.com\/#website"},"primaryImageOfPage":{"@id":"https:\/\/mattheosselections.com\/product\/honung-med-gurkmeja-och-ingefara\/#primaryimage"},"image":{"@id":"https:\/\/mattheosselections.com\/product\/honung-med-gurkmeja-och-ingefara\/#primaryimage"},"thumbnailUrl":"https:\/\/mattheosselections.com\/wp-content\/uploads\/2025\/04\/Gurkmeja_Inefara_0719.jpg","datePublished":"2025-04-21T08:23:41+00:00","dateModified":"2026-03-02T04:48:21+00:00","description":"Premiumhonung blandad med aromatisk gurkmeja och f\u00e4rsk ingef\u00e4ra, som erbjuder en rik smak och naturliga h\u00e4lsof\u00f6rdelar f\u00f6r dagligt bruk.","breadcrumb":{"@id":"https:\/\/mattheosselections.com\/product\/honung-med-gurkmeja-och-ingefara\/#breadcrumb"},"inLanguage":"en-US","potentialAction":[{"@type":"ReadAction","target":["https:\/\/mattheosselections.com\/product\/honung-med-gurkmeja-och-ingefara\/"]}]},{"@type":"ImageObject","inLanguage":"en-US","@id":"https:\/\/mattheosselections.com\/product\/honung-med-gurkmeja-och-ingefara\/#primaryimage","url":"https:\/\/mattheosselections.com\/wp-content\/uploads\/2025\/04\/Gurkmeja_Inefara_0719.jpg","contentUrl":"https:\/\/mattheosselections.com\/wp-content\/uploads\/2025\/04\/Gurkmeja_Inefara_0719.jpg","width":1000,"height":1000,"caption":"Naturlig honung med gurkmeja och ingef\u00e4ra"},{"@type":"BreadcrumbList","@id":"https:\/\/mattheosselections.com\/product\/honung-med-gurkmeja-och-ingefara\/#breadcrumb","itemListElement":[{"@type":"ListItem","position":1,"name":"Home","item":"https:\/\/mattheosselections.com\/"},{"@type":"ListItem","position":2,"name":"shop","item":"https:\/\/mattheosselections.com\/shop\/"},{"@type":"ListItem","position":3,"name":"Honung Med Gurkmeja Och Ingef\u00e4ra 200gr"}]},{"@type":"WebSite","@id":"https:\/\/mattheosselections.com\/#website","url":"https:\/\/mattheosselections.com\/","name":"Mattheos Selections","description":"","potentialAction":[{"@type":"SearchAction","target":{"@type":"EntryPoint","urlTemplate":"https:\/\/mattheosselections.com\/?s={search_term_string}"},"query-input":{"@type":"PropertyValueSpecification","valueRequired":true,"valueName":"search_term_string"}}],"inLanguage":"en-US"}]}},"_links":{"self":[{"href":"https:\/\/mattheosselections.com\/en\/wp-json\/wp\/v2\/product\/1109","targetHints":{"allow":["GET"]}}],"collection":[{"href":"https:\/\/mattheosselections.com\/en\/wp-json\/wp\/v2\/product"}],"about":[{"href":"https:\/\/mattheosselections.com\/en\/wp-json\/wp\/v2\/types\/product"}],"wp:featuredmedia":[{"embeddable":true,"href":"https:\/\/mattheosselections.com\/en\/wp-json\/wp\/v2\/media\/2706"}],"wp:attachment":[{"href":"https:\/\/mattheosselections.com\/en\/wp-json\/wp\/v2\/media?parent=1109"}],"wp:term":[{"taxonomy":"product_brand","embeddable":true,"href":"https:\/\/mattheosselections.com\/en\/wp-json\/wp\/v2\/product_brand?post=1109"},{"taxonomy":"product_cat","embeddable":true,"href":"https:\/\/mattheosselections.com\/en\/wp-json\/wp\/v2\/product_cat?post=1109"},{"taxonomy":"product_tag","embeddable":true,"href":"https:\/\/mattheosselections.com\/en\/wp-json\/wp\/v2\/product_tag?post=1109"}],"curies":[{"name":"wp","href":"https:\/\/api.w.org\/{rel}","templated":true}]}}