{"id":155,"date":"2025-04-15T06:35:34","date_gmt":"2025-04-15T06:35:34","guid":{"rendered":"https:\/\/handyweblab.com\/matheos\/?post_type=product&#038;p=155"},"modified":"2026-02-26T04:59:28","modified_gmt":"2026-02-26T04:59:28","slug":"timjanhonung","status":"publish","type":"product","link":"https:\/\/mattheosselections.com\/en\/product\/timjanhonung\/","title":{"rendered":"Thyme honey"},"content":{"rendered":"<p>Thyme honey from the Greek area of \u200b\u200bGalaxidi in Delphi is known for its pure quality and rich nutritional content. It has long been considered a nutritious superfood thanks to its high content of carbohydrates, minerals and trace elements. It was already used in ancient Greece for its health-promoting properties, especially to strengthen the immune system and protect the body against infections.<\/p>\n<p>Honey has a naturally strong antimicrobial and antiseptic effect, making it effective in fighting bacteria and pathogens. It helps support heart function, soothe the stomach, relieve coughs and promote healthy teeth. A warm drink with thyme honey is also a proven way to soften dry and irritated throats.<\/p>\n<p>Thyme honey is an excellent supplement for both active people and those who use a lot of mental capacity \u2013 from athletes to students. Studies show that this honey is one of the most active varieties in the world, with a unique ability to contribute to the body's natural balance and health.<\/p>","protected":false},"excerpt":{"rendered":"<ul>\n<li aria-level=\"1\">Rich in minerals and trace elements.<\/li>\n<li aria-level=\"1\">Strengthens the immune system and is good for the heart and respiratory system.<\/li>\n<li aria-level=\"1\">Known for its antiseptic and antibacterial properties.<\/li>\n<\/ul>","protected":false},"featured_media":2699,"template":"","meta":{"site-sidebar-layout":"default","site-content-layout":"","ast-site-content-layout":"default","site-content-style":"default","site-sidebar-style":"default","ast-global-header-display":"","ast-banner-title-visibility":"","ast-main-header-display":"","ast-hfb-above-header-display":"","ast-hfb-below-header-display":"","ast-hfb-mobile-header-display":"","site-post-title":"","ast-breadcrumbs-content":"","ast-featured-img":"","footer-sml-layout":"","ast-disable-related-posts":"","theme-transparent-header-meta":"default","adv-header-id-meta":"","stick-header-meta":"","header-above-stick-meta":"","header-main-stick-meta":"","header-below-stick-meta":"","astra-migrate-meta-layouts":"set","ast-page-background-enabled":"default","ast-page-background-meta":{"desktop":{"background-color":"var(--ast-global-color-5)","background-image":"","background-repeat":"repeat","background-position":"center center","background-size":"auto","background-attachment":"scroll","background-type":"","background-media":"","overlay-type":"","overlay-color":"","overlay-opacity":"","overlay-gradient":""},"tablet":{"background-color":"","background-image":"","background-repeat":"repeat","background-position":"center center","background-size":"auto","background-attachment":"scroll","background-type":"","background-media":"","overlay-type":"","overlay-color":"","overlay-opacity":"","overlay-gradient":""},"mobile":{"background-color":"","background-image":"","background-repeat":"repeat","background-position":"center center","background-size":"auto","background-attachment":"scroll","background-type":"","background-media":"","overlay-type":"","overlay-color":"","overlay-opacity":"","overlay-gradient":""}},"ast-content-background-meta":{"desktop":{"background-color":"var(--ast-global-color-4)","background-image":"","background-repeat":"repeat","background-position":"center center","background-size":"auto","background-attachment":"scroll","background-type":"","background-media":"","overlay-type":"","overlay-color":"","overlay-opacity":"","overlay-gradient":""},"tablet":{"background-color":"var(--ast-global-color-4)","background-image":"","background-repeat":"repeat","background-position":"center center","background-size":"auto","background-attachment":"scroll","background-type":"","background-media":"","overlay-type":"","overlay-color":"","overlay-opacity":"","overlay-gradient":""},"mobile":{"background-color":"var(--ast-global-color-4)","background-image":"","background-repeat":"repeat","background-position":"center center","background-size":"auto","background-attachment":"scroll","background-type":"","background-media":"","overlay-type":"","overlay-color":"","overlay-opacity":"","overlay-gradient":""}}},"product_brand":[],"product_cat":[21],"product_tag":[],"class_list":{"0":"post-155","1":"product","2":"type-product","3":"status-publish","4":"has-post-thumbnail","6":"product_cat-honey","7":"product_shipping_class-flat-rate","8":"desktop-align-left","9":"tablet-align-left","10":"mobile-align-left","12":"first","13":"instock","14":"taxable","15":"shipping-taxable","16":"purchasable","17":"product-type-variable"},"yoast_head":"<!-- This site is optimized with the Yoast SEO plugin v27.5 - https:\/\/yoast.com\/product\/yoast-seo-wordpress\/ -->\n<title>K\u00f6p timjanhonung | \u00d6rtig smak och vardagligt v\u00e4lbefinnande<\/title>\n<meta name=\"description\" content=\"Prova timjanhonung gjord p\u00e5 noggrant utvalda ingredienser med djup \u00f6rtsmak. Perfekt f\u00f6r daglig anv\u00e4ndning, v\u00e4lbefinnande och naturlig s\u00f6tma.\" \/>\n<meta name=\"robots\" content=\"index, follow, max-snippet:-1, max-image-preview:large, max-video-preview:-1\" \/>\n<link rel=\"canonical\" href=\"https:\/\/mattheosselections.com\/en\/product\/timjanhonung\/\" \/>\n<meta property=\"og:locale\" content=\"en_US\" \/>\n<meta property=\"og:type\" content=\"article\" \/>\n<meta property=\"og:title\" content=\"K\u00f6p timjanhonung | \u00d6rtig smak och vardagligt v\u00e4lbefinnande\" \/>\n<meta property=\"og:description\" content=\"Prova timjanhonung gjord p\u00e5 noggrant utvalda ingredienser med djup \u00f6rtsmak. Perfekt f\u00f6r daglig anv\u00e4ndning, v\u00e4lbefinnande och naturlig s\u00f6tma.\" \/>\n<meta property=\"og:url\" content=\"https:\/\/mattheosselections.com\/en\/product\/timjanhonung\/\" \/>\n<meta property=\"og:site_name\" content=\"Mattheos Selections\" \/>\n<meta property=\"article:publisher\" content=\"https:\/\/www.facebook.com\/profile.php?id=61575561185894\" \/>\n<meta property=\"article:modified_time\" content=\"2026-02-26T04:59:28+00:00\" \/>\n<meta property=\"og:image\" content=\"https:\/\/mattheosselections.com\/wp-content\/uploads\/2025\/04\/Timjan450g0321.jpg\" \/>\n\t<meta property=\"og:image:width\" content=\"1000\" \/>\n\t<meta property=\"og:image:height\" content=\"1000\" \/>\n\t<meta property=\"og:image:type\" content=\"image\/jpeg\" \/>\n<meta name=\"twitter:card\" content=\"summary_large_image\" \/>\n<meta name=\"twitter:label1\" content=\"Est. reading time\" \/>\n\t<meta name=\"twitter:data1\" content=\"1 minute\" \/>\n<script type=\"application\/ld+json\" class=\"yoast-schema-graph\">{\"@context\":\"https:\\\/\\\/schema.org\",\"@graph\":[{\"@type\":\"WebPage\",\"@id\":\"https:\\\/\\\/mattheosselections.com\\\/product\\\/timjanhonung\\\/\",\"url\":\"https:\\\/\\\/mattheosselections.com\\\/product\\\/timjanhonung\\\/\",\"name\":\"K\u00f6p timjanhonung | \u00d6rtig smak och vardagligt v\u00e4lbefinnande\",\"isPartOf\":{\"@id\":\"https:\\\/\\\/mattheosselections.com\\\/#website\"},\"primaryImageOfPage\":{\"@id\":\"https:\\\/\\\/mattheosselections.com\\\/product\\\/timjanhonung\\\/#primaryimage\"},\"image\":{\"@id\":\"https:\\\/\\\/mattheosselections.com\\\/product\\\/timjanhonung\\\/#primaryimage\"},\"thumbnailUrl\":\"https:\\\/\\\/mattheosselections.com\\\/wp-content\\\/uploads\\\/2025\\\/04\\\/Timjan450g0321.jpg\",\"datePublished\":\"2025-04-15T06:35:34+00:00\",\"dateModified\":\"2026-02-26T04:59:28+00:00\",\"description\":\"Prova timjanhonung gjord p\u00e5 noggrant utvalda ingredienser med djup \u00f6rtsmak. Perfekt f\u00f6r daglig anv\u00e4ndning, v\u00e4lbefinnande och naturlig s\u00f6tma.\",\"breadcrumb\":{\"@id\":\"https:\\\/\\\/mattheosselections.com\\\/product\\\/timjanhonung\\\/#breadcrumb\"},\"inLanguage\":\"en-US\",\"potentialAction\":[{\"@type\":\"ReadAction\",\"target\":[\"https:\\\/\\\/mattheosselections.com\\\/product\\\/timjanhonung\\\/\"]}]},{\"@type\":\"ImageObject\",\"inLanguage\":\"en-US\",\"@id\":\"https:\\\/\\\/mattheosselections.com\\\/product\\\/timjanhonung\\\/#primaryimage\",\"url\":\"https:\\\/\\\/mattheosselections.com\\\/wp-content\\\/uploads\\\/2025\\\/04\\\/Timjan450g0321.jpg\",\"contentUrl\":\"https:\\\/\\\/mattheosselections.com\\\/wp-content\\\/uploads\\\/2025\\\/04\\\/Timjan450g0321.jpg\",\"width\":1000,\"height\":1000,\"caption\":\"Kraftfull Timjan honung burk\"},{\"@type\":\"BreadcrumbList\",\"@id\":\"https:\\\/\\\/mattheosselections.com\\\/product\\\/timjanhonung\\\/#breadcrumb\",\"itemListElement\":[{\"@type\":\"ListItem\",\"position\":1,\"name\":\"Home\",\"item\":\"https:\\\/\\\/mattheosselections.com\\\/\"},{\"@type\":\"ListItem\",\"position\":2,\"name\":\"shop\",\"item\":\"https:\\\/\\\/mattheosselections.com\\\/shop\\\/\"},{\"@type\":\"ListItem\",\"position\":3,\"name\":\"Timjanhonung\"}]},{\"@type\":\"WebSite\",\"@id\":\"https:\\\/\\\/mattheosselections.com\\\/#website\",\"url\":\"https:\\\/\\\/mattheosselections.com\\\/\",\"name\":\"Mattheos Selections\",\"description\":\"\",\"potentialAction\":[{\"@type\":\"SearchAction\",\"target\":{\"@type\":\"EntryPoint\",\"urlTemplate\":\"https:\\\/\\\/mattheosselections.com\\\/?s={search_term_string}\"},\"query-input\":{\"@type\":\"PropertyValueSpecification\",\"valueRequired\":true,\"valueName\":\"search_term_string\"}}],\"inLanguage\":\"en-US\"}]}<\/script>\n<!-- \/ Yoast SEO plugin. -->","yoast_head_json":{"title":"K\u00f6p timjanhonung | \u00d6rtig smak och vardagligt v\u00e4lbefinnande","description":"Prova timjanhonung gjord p\u00e5 noggrant utvalda ingredienser med djup \u00f6rtsmak. Perfekt f\u00f6r daglig anv\u00e4ndning, v\u00e4lbefinnande och naturlig s\u00f6tma.","robots":{"index":"index","follow":"follow","max-snippet":"max-snippet:-1","max-image-preview":"max-image-preview:large","max-video-preview":"max-video-preview:-1"},"canonical":"https:\/\/mattheosselections.com\/en\/product\/timjanhonung\/","og_locale":"en_US","og_type":"article","og_title":"K\u00f6p timjanhonung | \u00d6rtig smak och vardagligt v\u00e4lbefinnande","og_description":"Prova timjanhonung gjord p\u00e5 noggrant utvalda ingredienser med djup \u00f6rtsmak. Perfekt f\u00f6r daglig anv\u00e4ndning, v\u00e4lbefinnande och naturlig s\u00f6tma.","og_url":"https:\/\/mattheosselections.com\/en\/product\/timjanhonung\/","og_site_name":"Mattheos Selections","article_publisher":"https:\/\/www.facebook.com\/profile.php?id=61575561185894","article_modified_time":"2026-02-26T04:59:28+00:00","og_image":[{"width":1000,"height":1000,"url":"https:\/\/mattheosselections.com\/wp-content\/uploads\/2025\/04\/Timjan450g0321.jpg","type":"image\/jpeg"}],"twitter_card":"summary_large_image","twitter_misc":{"Est. reading time":"1 minute"},"schema":{"@context":"https:\/\/schema.org","@graph":[{"@type":"WebPage","@id":"https:\/\/mattheosselections.com\/product\/timjanhonung\/","url":"https:\/\/mattheosselections.com\/product\/timjanhonung\/","name":"K\u00f6p timjanhonung | \u00d6rtig smak och vardagligt v\u00e4lbefinnande","isPartOf":{"@id":"https:\/\/mattheosselections.com\/#website"},"primaryImageOfPage":{"@id":"https:\/\/mattheosselections.com\/product\/timjanhonung\/#primaryimage"},"image":{"@id":"https:\/\/mattheosselections.com\/product\/timjanhonung\/#primaryimage"},"thumbnailUrl":"https:\/\/mattheosselections.com\/wp-content\/uploads\/2025\/04\/Timjan450g0321.jpg","datePublished":"2025-04-15T06:35:34+00:00","dateModified":"2026-02-26T04:59:28+00:00","description":"Prova timjanhonung gjord p\u00e5 noggrant utvalda ingredienser med djup \u00f6rtsmak. Perfekt f\u00f6r daglig anv\u00e4ndning, v\u00e4lbefinnande och naturlig s\u00f6tma.","breadcrumb":{"@id":"https:\/\/mattheosselections.com\/product\/timjanhonung\/#breadcrumb"},"inLanguage":"en-US","potentialAction":[{"@type":"ReadAction","target":["https:\/\/mattheosselections.com\/product\/timjanhonung\/"]}]},{"@type":"ImageObject","inLanguage":"en-US","@id":"https:\/\/mattheosselections.com\/product\/timjanhonung\/#primaryimage","url":"https:\/\/mattheosselections.com\/wp-content\/uploads\/2025\/04\/Timjan450g0321.jpg","contentUrl":"https:\/\/mattheosselections.com\/wp-content\/uploads\/2025\/04\/Timjan450g0321.jpg","width":1000,"height":1000,"caption":"Kraftfull Timjan honung burk"},{"@type":"BreadcrumbList","@id":"https:\/\/mattheosselections.com\/product\/timjanhonung\/#breadcrumb","itemListElement":[{"@type":"ListItem","position":1,"name":"Home","item":"https:\/\/mattheosselections.com\/"},{"@type":"ListItem","position":2,"name":"shop","item":"https:\/\/mattheosselections.com\/shop\/"},{"@type":"ListItem","position":3,"name":"Timjanhonung"}]},{"@type":"WebSite","@id":"https:\/\/mattheosselections.com\/#website","url":"https:\/\/mattheosselections.com\/","name":"Mattheos Selections","description":"","potentialAction":[{"@type":"SearchAction","target":{"@type":"EntryPoint","urlTemplate":"https:\/\/mattheosselections.com\/?s={search_term_string}"},"query-input":{"@type":"PropertyValueSpecification","valueRequired":true,"valueName":"search_term_string"}}],"inLanguage":"en-US"}]}},"_links":{"self":[{"href":"https:\/\/mattheosselections.com\/en\/wp-json\/wp\/v2\/product\/155","targetHints":{"allow":["GET"]}}],"collection":[{"href":"https:\/\/mattheosselections.com\/en\/wp-json\/wp\/v2\/product"}],"about":[{"href":"https:\/\/mattheosselections.com\/en\/wp-json\/wp\/v2\/types\/product"}],"wp:featuredmedia":[{"embeddable":true,"href":"https:\/\/mattheosselections.com\/en\/wp-json\/wp\/v2\/media\/2699"}],"wp:attachment":[{"href":"https:\/\/mattheosselections.com\/en\/wp-json\/wp\/v2\/media?parent=155"}],"wp:term":[{"taxonomy":"product_brand","embeddable":true,"href":"https:\/\/mattheosselections.com\/en\/wp-json\/wp\/v2\/product_brand?post=155"},{"taxonomy":"product_cat","embeddable":true,"href":"https:\/\/mattheosselections.com\/en\/wp-json\/wp\/v2\/product_cat?post=155"},{"taxonomy":"product_tag","embeddable":true,"href":"https:\/\/mattheosselections.com\/en\/wp-json\/wp\/v2\/product_tag?post=155"}],"curies":[{"name":"wp","href":"https:\/\/api.w.org\/{rel}","templated":true}]}}