{"id":1603,"date":"2025-04-29T08:28:44","date_gmt":"2025-04-29T08:28:44","guid":{"rendered":"https:\/\/mattheosselections.com\/?post_type=product&#038;p=1603"},"modified":"2026-02-26T04:37:48","modified_gmt":"2026-02-26T04:37:48","slug":"naturbox-kraftfull-honungsblandning","status":"publish","type":"product","link":"https:\/\/mattheosselections.com\/en\/product\/naturbox-kraftfull-honungsblandning\/","title":{"rendered":"Nature Box \u2013 Powerful Honey Blend 250gr x 5"},"content":{"rendered":"<p>Discover a carefully selected collection of five unique honey varieties in this natural box. Here the power of oregano honey, flower and herb honey, oak honey, thyme honey and noble fir honey comes together. Each variety carries its own natural properties that strengthen the immune system, support digestion and promote both physical and mental balance. Oregano honey offers natural protection with its antibacterial properties, flower and herb honey offers a mild, fruity sweetness, while oak honey and noble fir honey provide deep, rich flavors with high antioxidant content. Thyme honey completes the collection with its powerful character and nutritional richness.<\/p>","protected":false},"excerpt":{"rendered":"<p>Uppt\u00e4ck en noga utvald samling av fem unika honungssorter i denna naturbox. H\u00e4r m\u00f6ts kraften fr\u00e5n oreganohonung, blomster- och \u00f6rthonung, [&hellip;]<\/p>\n","protected":false},"featured_media":2705,"template":"","meta":{"site-sidebar-layout":"default","site-content-layout":"","ast-site-content-layout":"default","site-content-style":"default","site-sidebar-style":"default","ast-global-header-display":"","ast-banner-title-visibility":"","ast-main-header-display":"","ast-hfb-above-header-display":"","ast-hfb-below-header-display":"","ast-hfb-mobile-header-display":"","site-post-title":"","ast-breadcrumbs-content":"","ast-featured-img":"","footer-sml-layout":"","ast-disable-related-posts":"","theme-transparent-header-meta":"default","adv-header-id-meta":"","stick-header-meta":"","header-above-stick-meta":"","header-main-stick-meta":"","header-below-stick-meta":"","astra-migrate-meta-layouts":"set","ast-page-background-enabled":"default","ast-page-background-meta":{"desktop":{"background-color":"var(--ast-global-color-5)","background-image":"","background-repeat":"repeat","background-position":"center center","background-size":"auto","background-attachment":"scroll","background-type":"","background-media":"","overlay-type":"","overlay-color":"","overlay-opacity":"","overlay-gradient":""},"tablet":{"background-color":"","background-image":"","background-repeat":"repeat","background-position":"center center","background-size":"auto","background-attachment":"scroll","background-type":"","background-media":"","overlay-type":"","overlay-color":"","overlay-opacity":"","overlay-gradient":""},"mobile":{"background-color":"","background-image":"","background-repeat":"repeat","background-position":"center center","background-size":"auto","background-attachment":"scroll","background-type":"","background-media":"","overlay-type":"","overlay-color":"","overlay-opacity":"","overlay-gradient":""}},"ast-content-background-meta":{"desktop":{"background-color":"var(--ast-global-color-4)","background-image":"","background-repeat":"repeat","background-position":"center center","background-size":"auto","background-attachment":"scroll","background-type":"","background-media":"","overlay-type":"","overlay-color":"","overlay-opacity":"","overlay-gradient":""},"tablet":{"background-color":"var(--ast-global-color-4)","background-image":"","background-repeat":"repeat","background-position":"center center","background-size":"auto","background-attachment":"scroll","background-type":"","background-media":"","overlay-type":"","overlay-color":"","overlay-opacity":"","overlay-gradient":""},"mobile":{"background-color":"var(--ast-global-color-4)","background-image":"","background-repeat":"repeat","background-position":"center center","background-size":"auto","background-attachment":"scroll","background-type":"","background-media":"","overlay-type":"","overlay-color":"","overlay-opacity":"","overlay-gradient":""}}},"product_brand":[],"product_cat":[24],"product_tag":[],"class_list":{"0":"post-1603","1":"product","2":"type-product","3":"status-publish","4":"has-post-thumbnail","6":"product_cat-gift-set","7":"product_shipping_class-flat-rate","8":"desktop-align-left","9":"tablet-align-left","10":"mobile-align-left","12":"first","13":"outofstock","14":"taxable","15":"shipping-taxable","16":"purchasable","17":"product-type-simple"},"yoast_head":"<!-- This site is optimized with the Yoast SEO plugin v27.5 - https:\/\/yoast.com\/product\/yoast-seo-wordpress\/ -->\n<title>Naturbox Stark Honungsblandning | Grekisk Honungsblandning<\/title>\n<meta name=\"description\" content=\"Uppt\u00e4ck en noga utvald samling av fem unika honungssorter i denna naturbox. H\u00e4r m\u00f6ts kraften fr\u00e5n oreganohonung, blomster- och \u00f6rthonung, ekhoney, timjanhonung och \u00e4delgrannshonung.\" \/>\n<meta name=\"robots\" content=\"index, follow, max-snippet:-1, max-image-preview:large, max-video-preview:-1\" \/>\n<link rel=\"canonical\" href=\"https:\/\/mattheosselections.com\/en\/product\/naturbox-kraftfull-honungsblandning\/\" \/>\n<meta property=\"og:locale\" content=\"en_US\" \/>\n<meta property=\"og:type\" content=\"article\" \/>\n<meta property=\"og:title\" content=\"Naturbox Stark Honungsblandning | Grekisk Honungsblandning\" \/>\n<meta property=\"og:description\" content=\"Uppt\u00e4ck en noga utvald samling av fem unika honungssorter i denna naturbox. H\u00e4r m\u00f6ts kraften fr\u00e5n oreganohonung, blomster- och \u00f6rthonung, ekhoney, timjanhonung och \u00e4delgrannshonung.\" \/>\n<meta property=\"og:url\" content=\"https:\/\/mattheosselections.com\/en\/product\/naturbox-kraftfull-honungsblandning\/\" \/>\n<meta property=\"og:site_name\" content=\"Mattheos Selections\" \/>\n<meta property=\"article:publisher\" content=\"https:\/\/www.facebook.com\/profile.php?id=61575561185894\" \/>\n<meta property=\"article:modified_time\" content=\"2026-02-26T04:37:48+00:00\" \/>\n<meta property=\"og:image\" content=\"https:\/\/mattheosselections.com\/wp-content\/uploads\/2025\/04\/Kraftfull_2_0722.jpg\" \/>\n\t<meta property=\"og:image:width\" content=\"1000\" \/>\n\t<meta property=\"og:image:height\" content=\"1000\" \/>\n\t<meta property=\"og:image:type\" content=\"image\/jpeg\" \/>\n<meta name=\"twitter:card\" content=\"summary_large_image\" \/>\n<meta name=\"twitter:label1\" content=\"Est. reading time\" \/>\n\t<meta name=\"twitter:data1\" content=\"1 minute\" \/>\n<script type=\"application\/ld+json\" class=\"yoast-schema-graph\">{\"@context\":\"https:\\\/\\\/schema.org\",\"@graph\":[{\"@type\":\"WebPage\",\"@id\":\"https:\\\/\\\/mattheosselections.com\\\/product\\\/naturbox-kraftfull-honungsblandning\\\/\",\"url\":\"https:\\\/\\\/mattheosselections.com\\\/product\\\/naturbox-kraftfull-honungsblandning\\\/\",\"name\":\"Naturbox Stark Honungsblandning | Grekisk Honungsblandning\",\"isPartOf\":{\"@id\":\"https:\\\/\\\/mattheosselections.com\\\/#website\"},\"primaryImageOfPage\":{\"@id\":\"https:\\\/\\\/mattheosselections.com\\\/product\\\/naturbox-kraftfull-honungsblandning\\\/#primaryimage\"},\"image\":{\"@id\":\"https:\\\/\\\/mattheosselections.com\\\/product\\\/naturbox-kraftfull-honungsblandning\\\/#primaryimage\"},\"thumbnailUrl\":\"https:\\\/\\\/mattheosselections.com\\\/wp-content\\\/uploads\\\/2025\\\/04\\\/Kraftfull_2_0722.jpg\",\"datePublished\":\"2025-04-29T08:28:44+00:00\",\"dateModified\":\"2026-02-26T04:37:48+00:00\",\"description\":\"Uppt\u00e4ck en noga utvald samling av fem unika honungssorter i denna naturbox. H\u00e4r m\u00f6ts kraften fr\u00e5n oreganohonung, blomster- och \u00f6rthonung, ekhoney, timjanhonung och \u00e4delgrannshonung.\",\"breadcrumb\":{\"@id\":\"https:\\\/\\\/mattheosselections.com\\\/product\\\/naturbox-kraftfull-honungsblandning\\\/#breadcrumb\"},\"inLanguage\":\"en-US\",\"potentialAction\":[{\"@type\":\"ReadAction\",\"target\":[\"https:\\\/\\\/mattheosselections.com\\\/product\\\/naturbox-kraftfull-honungsblandning\\\/\"]}]},{\"@type\":\"ImageObject\",\"inLanguage\":\"en-US\",\"@id\":\"https:\\\/\\\/mattheosselections.com\\\/product\\\/naturbox-kraftfull-honungsblandning\\\/#primaryimage\",\"url\":\"https:\\\/\\\/mattheosselections.com\\\/wp-content\\\/uploads\\\/2025\\\/04\\\/Kraftfull_2_0722.jpg\",\"contentUrl\":\"https:\\\/\\\/mattheosselections.com\\\/wp-content\\\/uploads\\\/2025\\\/04\\\/Kraftfull_2_0722.jpg\",\"width\":1000,\"height\":1000,\"caption\":\"Lyxigt honungspresentset med smaker\"},{\"@type\":\"BreadcrumbList\",\"@id\":\"https:\\\/\\\/mattheosselections.com\\\/product\\\/naturbox-kraftfull-honungsblandning\\\/#breadcrumb\",\"itemListElement\":[{\"@type\":\"ListItem\",\"position\":1,\"name\":\"Home\",\"item\":\"https:\\\/\\\/mattheosselections.com\\\/\"},{\"@type\":\"ListItem\",\"position\":2,\"name\":\"shop\",\"item\":\"https:\\\/\\\/mattheosselections.com\\\/shop\\\/\"},{\"@type\":\"ListItem\",\"position\":3,\"name\":\"Naturbox &#8211; Kraftfull honungsblandning 250gr x 5\"}]},{\"@type\":\"WebSite\",\"@id\":\"https:\\\/\\\/mattheosselections.com\\\/#website\",\"url\":\"https:\\\/\\\/mattheosselections.com\\\/\",\"name\":\"Mattheos Selections\",\"description\":\"\",\"potentialAction\":[{\"@type\":\"SearchAction\",\"target\":{\"@type\":\"EntryPoint\",\"urlTemplate\":\"https:\\\/\\\/mattheosselections.com\\\/?s={search_term_string}\"},\"query-input\":{\"@type\":\"PropertyValueSpecification\",\"valueRequired\":true,\"valueName\":\"search_term_string\"}}],\"inLanguage\":\"en-US\"}]}<\/script>\n<!-- \/ Yoast SEO plugin. -->","yoast_head_json":{"title":"Naturbox Stark Honungsblandning | Grekisk Honungsblandning","description":"Uppt\u00e4ck en noga utvald samling av fem unika honungssorter i denna naturbox. H\u00e4r m\u00f6ts kraften fr\u00e5n oreganohonung, blomster- och \u00f6rthonung, ekhoney, timjanhonung och \u00e4delgrannshonung.","robots":{"index":"index","follow":"follow","max-snippet":"max-snippet:-1","max-image-preview":"max-image-preview:large","max-video-preview":"max-video-preview:-1"},"canonical":"https:\/\/mattheosselections.com\/en\/product\/naturbox-kraftfull-honungsblandning\/","og_locale":"en_US","og_type":"article","og_title":"Naturbox Stark Honungsblandning | Grekisk Honungsblandning","og_description":"Uppt\u00e4ck en noga utvald samling av fem unika honungssorter i denna naturbox. H\u00e4r m\u00f6ts kraften fr\u00e5n oreganohonung, blomster- och \u00f6rthonung, ekhoney, timjanhonung och \u00e4delgrannshonung.","og_url":"https:\/\/mattheosselections.com\/en\/product\/naturbox-kraftfull-honungsblandning\/","og_site_name":"Mattheos Selections","article_publisher":"https:\/\/www.facebook.com\/profile.php?id=61575561185894","article_modified_time":"2026-02-26T04:37:48+00:00","og_image":[{"width":1000,"height":1000,"url":"https:\/\/mattheosselections.com\/wp-content\/uploads\/2025\/04\/Kraftfull_2_0722.jpg","type":"image\/jpeg"}],"twitter_card":"summary_large_image","twitter_misc":{"Est. reading time":"1 minute"},"schema":{"@context":"https:\/\/schema.org","@graph":[{"@type":"WebPage","@id":"https:\/\/mattheosselections.com\/product\/naturbox-kraftfull-honungsblandning\/","url":"https:\/\/mattheosselections.com\/product\/naturbox-kraftfull-honungsblandning\/","name":"Naturbox Stark Honungsblandning | Grekisk Honungsblandning","isPartOf":{"@id":"https:\/\/mattheosselections.com\/#website"},"primaryImageOfPage":{"@id":"https:\/\/mattheosselections.com\/product\/naturbox-kraftfull-honungsblandning\/#primaryimage"},"image":{"@id":"https:\/\/mattheosselections.com\/product\/naturbox-kraftfull-honungsblandning\/#primaryimage"},"thumbnailUrl":"https:\/\/mattheosselections.com\/wp-content\/uploads\/2025\/04\/Kraftfull_2_0722.jpg","datePublished":"2025-04-29T08:28:44+00:00","dateModified":"2026-02-26T04:37:48+00:00","description":"Uppt\u00e4ck en noga utvald samling av fem unika honungssorter i denna naturbox. H\u00e4r m\u00f6ts kraften fr\u00e5n oreganohonung, blomster- och \u00f6rthonung, ekhoney, timjanhonung och \u00e4delgrannshonung.","breadcrumb":{"@id":"https:\/\/mattheosselections.com\/product\/naturbox-kraftfull-honungsblandning\/#breadcrumb"},"inLanguage":"en-US","potentialAction":[{"@type":"ReadAction","target":["https:\/\/mattheosselections.com\/product\/naturbox-kraftfull-honungsblandning\/"]}]},{"@type":"ImageObject","inLanguage":"en-US","@id":"https:\/\/mattheosselections.com\/product\/naturbox-kraftfull-honungsblandning\/#primaryimage","url":"https:\/\/mattheosselections.com\/wp-content\/uploads\/2025\/04\/Kraftfull_2_0722.jpg","contentUrl":"https:\/\/mattheosselections.com\/wp-content\/uploads\/2025\/04\/Kraftfull_2_0722.jpg","width":1000,"height":1000,"caption":"Lyxigt honungspresentset med smaker"},{"@type":"BreadcrumbList","@id":"https:\/\/mattheosselections.com\/product\/naturbox-kraftfull-honungsblandning\/#breadcrumb","itemListElement":[{"@type":"ListItem","position":1,"name":"Home","item":"https:\/\/mattheosselections.com\/"},{"@type":"ListItem","position":2,"name":"shop","item":"https:\/\/mattheosselections.com\/shop\/"},{"@type":"ListItem","position":3,"name":"Naturbox &#8211; Kraftfull honungsblandning 250gr x 5"}]},{"@type":"WebSite","@id":"https:\/\/mattheosselections.com\/#website","url":"https:\/\/mattheosselections.com\/","name":"Mattheos Selections","description":"","potentialAction":[{"@type":"SearchAction","target":{"@type":"EntryPoint","urlTemplate":"https:\/\/mattheosselections.com\/?s={search_term_string}"},"query-input":{"@type":"PropertyValueSpecification","valueRequired":true,"valueName":"search_term_string"}}],"inLanguage":"en-US"}]}},"_links":{"self":[{"href":"https:\/\/mattheosselections.com\/en\/wp-json\/wp\/v2\/product\/1603","targetHints":{"allow":["GET"]}}],"collection":[{"href":"https:\/\/mattheosselections.com\/en\/wp-json\/wp\/v2\/product"}],"about":[{"href":"https:\/\/mattheosselections.com\/en\/wp-json\/wp\/v2\/types\/product"}],"wp:featuredmedia":[{"embeddable":true,"href":"https:\/\/mattheosselections.com\/en\/wp-json\/wp\/v2\/media\/2705"}],"wp:attachment":[{"href":"https:\/\/mattheosselections.com\/en\/wp-json\/wp\/v2\/media?parent=1603"}],"wp:term":[{"taxonomy":"product_brand","embeddable":true,"href":"https:\/\/mattheosselections.com\/en\/wp-json\/wp\/v2\/product_brand?post=1603"},{"taxonomy":"product_cat","embeddable":true,"href":"https:\/\/mattheosselections.com\/en\/wp-json\/wp\/v2\/product_cat?post=1603"},{"taxonomy":"product_tag","embeddable":true,"href":"https:\/\/mattheosselections.com\/en\/wp-json\/wp\/v2\/product_tag?post=1603"}],"curies":[{"name":"wp","href":"https:\/\/api.w.org\/{rel}","templated":true}]}}