{"id":171,"date":"2025-04-15T06:35:35","date_gmt":"2025-04-15T06:35:35","guid":{"rendered":"https:\/\/handyweblab.com\/matheos\/?post_type=product&#038;p=171"},"modified":"2026-02-26T04:54:50","modified_gmt":"2026-02-26T04:54:50","slug":"oreganohonung","status":"publish","type":"product","link":"https:\/\/mattheosselections.com\/en\/product\/oreganohonung\/","title":{"rendered":"Oregano Honey"},"content":{"rendered":"<p>Oregano honey is a rare and valuable honey created when bees collect nectar from oregano during its short flowering period in July. It is characterized by its powerful aroma, distinctive taste and unique composition. In the mountainous landscape of Thessaly, where nature is untouched and the flora is rich, the honey gains its high quality.<\/p>\n<p>This honey is known for its medicinal properties. It has been used to relieve digestive and respiratory problems, thanks to its strong antifungal, antibacterial and antiseptic properties. It also helps strengthen the body's resistance and promote general well-being.<\/p>\n<p>Oregano honey is a nutritious superfood that contains carbohydrates in the form of glucose and fructose, as well as a high content of pollen grains. It is also rich in important minerals and trace elements such as copper, magnesium, calcium, zinc, iron and manganese \u2013 substances that are essential for the body's function.<\/p>\n<p>Thanks to its content of powerful antioxidants, it protects the body's cells and supports both physical and mental health. It can be used as a natural sweetener in drinks and food, as an energy supplement or to promote recovery from colds and fatigue.<\/p>","protected":false},"excerpt":{"rendered":"<ul>\n<li aria-level=\"1\">Used to strengthen the immune system and treat the respiratory system.<\/li>\n<li aria-level=\"1\">Rich in minerals and antioxidants.<\/li>\n<\/ul>","protected":false},"featured_media":2702,"template":"","meta":{"site-sidebar-layout":"default","site-content-layout":"","ast-site-content-layout":"default","site-content-style":"default","site-sidebar-style":"default","ast-global-header-display":"","ast-banner-title-visibility":"","ast-main-header-display":"","ast-hfb-above-header-display":"","ast-hfb-below-header-display":"","ast-hfb-mobile-header-display":"","site-post-title":"","ast-breadcrumbs-content":"","ast-featured-img":"","footer-sml-layout":"","ast-disable-related-posts":"","theme-transparent-header-meta":"default","adv-header-id-meta":"","stick-header-meta":"","header-above-stick-meta":"","header-main-stick-meta":"","header-below-stick-meta":"","astra-migrate-meta-layouts":"set","ast-page-background-enabled":"default","ast-page-background-meta":{"desktop":{"background-color":"var(--ast-global-color-5)","background-image":"","background-repeat":"repeat","background-position":"center center","background-size":"auto","background-attachment":"scroll","background-type":"","background-media":"","overlay-type":"","overlay-color":"","overlay-opacity":"","overlay-gradient":""},"tablet":{"background-color":"","background-image":"","background-repeat":"repeat","background-position":"center center","background-size":"auto","background-attachment":"scroll","background-type":"","background-media":"","overlay-type":"","overlay-color":"","overlay-opacity":"","overlay-gradient":""},"mobile":{"background-color":"","background-image":"","background-repeat":"repeat","background-position":"center center","background-size":"auto","background-attachment":"scroll","background-type":"","background-media":"","overlay-type":"","overlay-color":"","overlay-opacity":"","overlay-gradient":""}},"ast-content-background-meta":{"desktop":{"background-color":"var(--ast-global-color-4)","background-image":"","background-repeat":"repeat","background-position":"center center","background-size":"auto","background-attachment":"scroll","background-type":"","background-media":"","overlay-type":"","overlay-color":"","overlay-opacity":"","overlay-gradient":""},"tablet":{"background-color":"var(--ast-global-color-4)","background-image":"","background-repeat":"repeat","background-position":"center center","background-size":"auto","background-attachment":"scroll","background-type":"","background-media":"","overlay-type":"","overlay-color":"","overlay-opacity":"","overlay-gradient":""},"mobile":{"background-color":"var(--ast-global-color-4)","background-image":"","background-repeat":"repeat","background-position":"center center","background-size":"auto","background-attachment":"scroll","background-type":"","background-media":"","overlay-type":"","overlay-color":"","overlay-opacity":"","overlay-gradient":""}}},"product_brand":[],"product_cat":[21],"product_tag":[],"class_list":{"0":"post-171","1":"product","2":"type-product","3":"status-publish","4":"has-post-thumbnail","6":"product_cat-honey","7":"product_shipping_class-flat-rate","8":"desktop-align-left","9":"tablet-align-left","10":"mobile-align-left","12":"first","13":"instock","14":"taxable","15":"shipping-taxable","16":"purchasable","17":"product-type-variable"},"yoast_head":"<!-- This site is optimized with the Yoast SEO plugin v27.5 - https:\/\/yoast.com\/product\/yoast-seo-wordpress\/ -->\n<title>Oreganohonung | Kraftig arom och distinkt smak<\/title>\n<meta name=\"description\" content=\"Njut av oreganohonung k\u00e4nd f\u00f6r sin starka smak och unika karakt\u00e4r. Fullpackad med mineraler och antioxidanter f\u00f6r att st\u00f6dja det allm\u00e4nna v\u00e4lbefinnandet.\" \/>\n<meta name=\"robots\" content=\"index, follow, max-snippet:-1, max-image-preview:large, max-video-preview:-1\" \/>\n<link rel=\"canonical\" href=\"https:\/\/mattheosselections.com\/en\/product\/oreganohonung\/\" \/>\n<meta property=\"og:locale\" content=\"en_US\" \/>\n<meta property=\"og:type\" content=\"article\" \/>\n<meta property=\"og:title\" content=\"Oreganohonung | Kraftig arom och distinkt smak\" \/>\n<meta property=\"og:description\" content=\"Njut av oreganohonung k\u00e4nd f\u00f6r sin starka smak och unika karakt\u00e4r. Fullpackad med mineraler och antioxidanter f\u00f6r att st\u00f6dja det allm\u00e4nna v\u00e4lbefinnandet.\" \/>\n<meta property=\"og:url\" content=\"https:\/\/mattheosselections.com\/en\/product\/oreganohonung\/\" \/>\n<meta property=\"og:site_name\" content=\"Mattheos Selections\" \/>\n<meta property=\"article:publisher\" content=\"https:\/\/www.facebook.com\/profile.php?id=61575561185894\" \/>\n<meta property=\"article:modified_time\" content=\"2026-02-26T04:54:50+00:00\" \/>\n<meta property=\"og:image\" content=\"https:\/\/mattheosselections.com\/wp-content\/uploads\/2025\/04\/Oregano450g0318.jpg\" \/>\n\t<meta property=\"og:image:width\" content=\"1000\" \/>\n\t<meta property=\"og:image:height\" content=\"1000\" \/>\n\t<meta property=\"og:image:type\" content=\"image\/jpeg\" \/>\n<meta name=\"twitter:card\" content=\"summary_large_image\" \/>\n<meta name=\"twitter:label1\" content=\"Est. reading time\" \/>\n\t<meta name=\"twitter:data1\" content=\"2 minutes\" \/>\n<script type=\"application\/ld+json\" class=\"yoast-schema-graph\">{\"@context\":\"https:\\\/\\\/schema.org\",\"@graph\":[{\"@type\":\"WebPage\",\"@id\":\"https:\\\/\\\/mattheosselections.com\\\/product\\\/oreganohonung\\\/\",\"url\":\"https:\\\/\\\/mattheosselections.com\\\/product\\\/oreganohonung\\\/\",\"name\":\"Oreganohonung | Kraftig arom och distinkt smak\",\"isPartOf\":{\"@id\":\"https:\\\/\\\/mattheosselections.com\\\/#website\"},\"primaryImageOfPage\":{\"@id\":\"https:\\\/\\\/mattheosselections.com\\\/product\\\/oreganohonung\\\/#primaryimage\"},\"image\":{\"@id\":\"https:\\\/\\\/mattheosselections.com\\\/product\\\/oreganohonung\\\/#primaryimage\"},\"thumbnailUrl\":\"https:\\\/\\\/mattheosselections.com\\\/wp-content\\\/uploads\\\/2025\\\/04\\\/Oregano450g0318.jpg\",\"datePublished\":\"2025-04-15T06:35:35+00:00\",\"dateModified\":\"2026-02-26T04:54:50+00:00\",\"description\":\"Njut av oreganohonung k\u00e4nd f\u00f6r sin starka smak och unika karakt\u00e4r. Fullpackad med mineraler och antioxidanter f\u00f6r att st\u00f6dja det allm\u00e4nna v\u00e4lbefinnandet.\",\"breadcrumb\":{\"@id\":\"https:\\\/\\\/mattheosselections.com\\\/product\\\/oreganohonung\\\/#breadcrumb\"},\"inLanguage\":\"en-US\",\"potentialAction\":[{\"@type\":\"ReadAction\",\"target\":[\"https:\\\/\\\/mattheosselections.com\\\/product\\\/oreganohonung\\\/\"]}]},{\"@type\":\"ImageObject\",\"inLanguage\":\"en-US\",\"@id\":\"https:\\\/\\\/mattheosselections.com\\\/product\\\/oreganohonung\\\/#primaryimage\",\"url\":\"https:\\\/\\\/mattheosselections.com\\\/wp-content\\\/uploads\\\/2025\\\/04\\\/Oregano450g0318.jpg\",\"contentUrl\":\"https:\\\/\\\/mattheosselections.com\\\/wp-content\\\/uploads\\\/2025\\\/04\\\/Oregano450g0318.jpg\",\"width\":1000,\"height\":1000,\"caption\":\"Ekologisk Oregano r\u00e5 honung i glasburk\"},{\"@type\":\"BreadcrumbList\",\"@id\":\"https:\\\/\\\/mattheosselections.com\\\/product\\\/oreganohonung\\\/#breadcrumb\",\"itemListElement\":[{\"@type\":\"ListItem\",\"position\":1,\"name\":\"Home\",\"item\":\"https:\\\/\\\/mattheosselections.com\\\/\"},{\"@type\":\"ListItem\",\"position\":2,\"name\":\"shop\",\"item\":\"https:\\\/\\\/mattheosselections.com\\\/shop\\\/\"},{\"@type\":\"ListItem\",\"position\":3,\"name\":\"Oreganohonung\"}]},{\"@type\":\"WebSite\",\"@id\":\"https:\\\/\\\/mattheosselections.com\\\/#website\",\"url\":\"https:\\\/\\\/mattheosselections.com\\\/\",\"name\":\"Mattheos Selections\",\"description\":\"\",\"potentialAction\":[{\"@type\":\"SearchAction\",\"target\":{\"@type\":\"EntryPoint\",\"urlTemplate\":\"https:\\\/\\\/mattheosselections.com\\\/?s={search_term_string}\"},\"query-input\":{\"@type\":\"PropertyValueSpecification\",\"valueRequired\":true,\"valueName\":\"search_term_string\"}}],\"inLanguage\":\"en-US\"}]}<\/script>\n<!-- \/ Yoast SEO plugin. -->","yoast_head_json":{"title":"Oreganohonung | Kraftig arom och distinkt smak","description":"Njut av oreganohonung k\u00e4nd f\u00f6r sin starka smak och unika karakt\u00e4r. Fullpackad med mineraler och antioxidanter f\u00f6r att st\u00f6dja det allm\u00e4nna v\u00e4lbefinnandet.","robots":{"index":"index","follow":"follow","max-snippet":"max-snippet:-1","max-image-preview":"max-image-preview:large","max-video-preview":"max-video-preview:-1"},"canonical":"https:\/\/mattheosselections.com\/en\/product\/oreganohonung\/","og_locale":"en_US","og_type":"article","og_title":"Oreganohonung | Kraftig arom och distinkt smak","og_description":"Njut av oreganohonung k\u00e4nd f\u00f6r sin starka smak och unika karakt\u00e4r. Fullpackad med mineraler och antioxidanter f\u00f6r att st\u00f6dja det allm\u00e4nna v\u00e4lbefinnandet.","og_url":"https:\/\/mattheosselections.com\/en\/product\/oreganohonung\/","og_site_name":"Mattheos Selections","article_publisher":"https:\/\/www.facebook.com\/profile.php?id=61575561185894","article_modified_time":"2026-02-26T04:54:50+00:00","og_image":[{"width":1000,"height":1000,"url":"https:\/\/mattheosselections.com\/wp-content\/uploads\/2025\/04\/Oregano450g0318.jpg","type":"image\/jpeg"}],"twitter_card":"summary_large_image","twitter_misc":{"Est. reading time":"2 minutes"},"schema":{"@context":"https:\/\/schema.org","@graph":[{"@type":"WebPage","@id":"https:\/\/mattheosselections.com\/product\/oreganohonung\/","url":"https:\/\/mattheosselections.com\/product\/oreganohonung\/","name":"Oreganohonung | Kraftig arom och distinkt smak","isPartOf":{"@id":"https:\/\/mattheosselections.com\/#website"},"primaryImageOfPage":{"@id":"https:\/\/mattheosselections.com\/product\/oreganohonung\/#primaryimage"},"image":{"@id":"https:\/\/mattheosselections.com\/product\/oreganohonung\/#primaryimage"},"thumbnailUrl":"https:\/\/mattheosselections.com\/wp-content\/uploads\/2025\/04\/Oregano450g0318.jpg","datePublished":"2025-04-15T06:35:35+00:00","dateModified":"2026-02-26T04:54:50+00:00","description":"Njut av oreganohonung k\u00e4nd f\u00f6r sin starka smak och unika karakt\u00e4r. Fullpackad med mineraler och antioxidanter f\u00f6r att st\u00f6dja det allm\u00e4nna v\u00e4lbefinnandet.","breadcrumb":{"@id":"https:\/\/mattheosselections.com\/product\/oreganohonung\/#breadcrumb"},"inLanguage":"en-US","potentialAction":[{"@type":"ReadAction","target":["https:\/\/mattheosselections.com\/product\/oreganohonung\/"]}]},{"@type":"ImageObject","inLanguage":"en-US","@id":"https:\/\/mattheosselections.com\/product\/oreganohonung\/#primaryimage","url":"https:\/\/mattheosselections.com\/wp-content\/uploads\/2025\/04\/Oregano450g0318.jpg","contentUrl":"https:\/\/mattheosselections.com\/wp-content\/uploads\/2025\/04\/Oregano450g0318.jpg","width":1000,"height":1000,"caption":"Ekologisk Oregano r\u00e5 honung i glasburk"},{"@type":"BreadcrumbList","@id":"https:\/\/mattheosselections.com\/product\/oreganohonung\/#breadcrumb","itemListElement":[{"@type":"ListItem","position":1,"name":"Home","item":"https:\/\/mattheosselections.com\/"},{"@type":"ListItem","position":2,"name":"shop","item":"https:\/\/mattheosselections.com\/shop\/"},{"@type":"ListItem","position":3,"name":"Oreganohonung"}]},{"@type":"WebSite","@id":"https:\/\/mattheosselections.com\/#website","url":"https:\/\/mattheosselections.com\/","name":"Mattheos Selections","description":"","potentialAction":[{"@type":"SearchAction","target":{"@type":"EntryPoint","urlTemplate":"https:\/\/mattheosselections.com\/?s={search_term_string}"},"query-input":{"@type":"PropertyValueSpecification","valueRequired":true,"valueName":"search_term_string"}}],"inLanguage":"en-US"}]}},"_links":{"self":[{"href":"https:\/\/mattheosselections.com\/en\/wp-json\/wp\/v2\/product\/171","targetHints":{"allow":["GET"]}}],"collection":[{"href":"https:\/\/mattheosselections.com\/en\/wp-json\/wp\/v2\/product"}],"about":[{"href":"https:\/\/mattheosselections.com\/en\/wp-json\/wp\/v2\/types\/product"}],"wp:featuredmedia":[{"embeddable":true,"href":"https:\/\/mattheosselections.com\/en\/wp-json\/wp\/v2\/media\/2702"}],"wp:attachment":[{"href":"https:\/\/mattheosselections.com\/en\/wp-json\/wp\/v2\/media?parent=171"}],"wp:term":[{"taxonomy":"product_brand","embeddable":true,"href":"https:\/\/mattheosselections.com\/en\/wp-json\/wp\/v2\/product_brand?post=171"},{"taxonomy":"product_cat","embeddable":true,"href":"https:\/\/mattheosselections.com\/en\/wp-json\/wp\/v2\/product_cat?post=171"},{"taxonomy":"product_tag","embeddable":true,"href":"https:\/\/mattheosselections.com\/en\/wp-json\/wp\/v2\/product_tag?post=171"}],"curies":[{"name":"wp","href":"https:\/\/api.w.org\/{rel}","templated":true}]}}