{"id":185,"date":"2025-04-15T06:35:56","date_gmt":"2025-04-15T06:35:56","guid":{"rendered":"https:\/\/handyweblab.com\/matheos\/?post_type=product&#038;p=185"},"modified":"2026-02-26T05:20:59","modified_gmt":"2026-02-26T05:20:59","slug":"jungfru-olivolja-extra-virgin-olive-oil","status":"publish","type":"product","link":"https:\/\/mattheosselections.com\/en\/product\/jungfru-olivolja-extra-virgin-olive-oil\/","title":{"rendered":"Extra Virgin Olive Oil 500ml"},"content":{"rendered":"<p class=\"\" data-start=\"155\" data-end=\"659\">Experience the pure essence of Mediterranean tradition with Virgin Olive Oil, a premium quality extra virgin olive oil. Cold-pressed from carefully selected olives, this oil is rich in flavor, aroma and natural antioxidants. Its smooth, fruity taste with a slightly peppery finish makes it ideal for salads, marinades, drizzling over grilled vegetables or enhancing your favorite dishes. Unrefined and all-natural, this olive oil guarantees both quality and authenticity in every drop.<\/p>","protected":false},"excerpt":{"rendered":"<p>Upplev den rena essensen av medelhavstradition med Jungfru Olivolja, en extra jungfruolivolja av h\u00f6gsta kvalitet. Kallpressad fr\u00e5n noggrant utvalda oliver, [&hellip;]<\/p>\n","protected":false},"featured_media":2720,"template":"","meta":{"site-sidebar-layout":"default","site-content-layout":"","ast-site-content-layout":"default","site-content-style":"default","site-sidebar-style":"default","ast-global-header-display":"","ast-banner-title-visibility":"","ast-main-header-display":"","ast-hfb-above-header-display":"","ast-hfb-below-header-display":"","ast-hfb-mobile-header-display":"","site-post-title":"","ast-breadcrumbs-content":"","ast-featured-img":"","footer-sml-layout":"","ast-disable-related-posts":"","theme-transparent-header-meta":"default","adv-header-id-meta":"","stick-header-meta":"","header-above-stick-meta":"","header-main-stick-meta":"","header-below-stick-meta":"","astra-migrate-meta-layouts":"set","ast-page-background-enabled":"default","ast-page-background-meta":{"desktop":{"background-color":"var(--ast-global-color-5)","background-image":"","background-repeat":"repeat","background-position":"center center","background-size":"auto","background-attachment":"scroll","background-type":"","background-media":"","overlay-type":"","overlay-color":"","overlay-opacity":"","overlay-gradient":""},"tablet":{"background-color":"","background-image":"","background-repeat":"repeat","background-position":"center center","background-size":"auto","background-attachment":"scroll","background-type":"","background-media":"","overlay-type":"","overlay-color":"","overlay-opacity":"","overlay-gradient":""},"mobile":{"background-color":"","background-image":"","background-repeat":"repeat","background-position":"center center","background-size":"auto","background-attachment":"scroll","background-type":"","background-media":"","overlay-type":"","overlay-color":"","overlay-opacity":"","overlay-gradient":""}},"ast-content-background-meta":{"desktop":{"background-color":"var(--ast-global-color-4)","background-image":"","background-repeat":"repeat","background-position":"center center","background-size":"auto","background-attachment":"scroll","background-type":"","background-media":"","overlay-type":"","overlay-color":"","overlay-opacity":"","overlay-gradient":""},"tablet":{"background-color":"var(--ast-global-color-4)","background-image":"","background-repeat":"repeat","background-position":"center center","background-size":"auto","background-attachment":"scroll","background-type":"","background-media":"","overlay-type":"","overlay-color":"","overlay-opacity":"","overlay-gradient":""},"mobile":{"background-color":"var(--ast-global-color-4)","background-image":"","background-repeat":"repeat","background-position":"center center","background-size":"auto","background-attachment":"scroll","background-type":"","background-media":"","overlay-type":"","overlay-color":"","overlay-opacity":"","overlay-gradient":""}}},"product_brand":[],"product_cat":[23],"product_tag":[],"class_list":{"0":"post-185","1":"product","2":"type-product","3":"status-publish","4":"has-post-thumbnail","6":"product_cat-olive-oil","7":"product_shipping_class-flat-rate","8":"desktop-align-left","9":"tablet-align-left","10":"mobile-align-left","12":"first","13":"instock","14":"taxable","15":"shipping-taxable","16":"purchasable","17":"product-type-variable"},"yoast_head":"<!-- This site is optimized with the Yoast SEO plugin v27.5 - https:\/\/yoast.com\/product\/yoast-seo-wordpress\/ -->\n<title>K\u00f6p \u00e4kta grekisk extra jungfruolivolja<\/title>\n<meta name=\"description\" content=\"Denna kallpressade extra jungfruolivolja \u00e4r tillverkad av noggrant utvalda oliver och ger en ren konsistens, frisk arom och naturlig godhet.\" \/>\n<meta name=\"robots\" content=\"index, follow, max-snippet:-1, max-image-preview:large, max-video-preview:-1\" \/>\n<link rel=\"canonical\" href=\"https:\/\/mattheosselections.com\/en\/product\/jungfru-olivolja-extra-virgin-olive-oil\/\" \/>\n<meta property=\"og:locale\" content=\"en_US\" \/>\n<meta property=\"og:type\" content=\"article\" \/>\n<meta property=\"og:title\" content=\"K\u00f6p \u00e4kta grekisk extra jungfruolivolja\" \/>\n<meta property=\"og:description\" content=\"Denna kallpressade extra jungfruolivolja \u00e4r tillverkad av noggrant utvalda oliver och ger en ren konsistens, frisk arom och naturlig godhet.\" \/>\n<meta property=\"og:url\" content=\"https:\/\/mattheosselections.com\/en\/product\/jungfru-olivolja-extra-virgin-olive-oil\/\" \/>\n<meta property=\"og:site_name\" content=\"Mattheos Selections\" \/>\n<meta property=\"article:publisher\" content=\"https:\/\/www.facebook.com\/profile.php?id=61575561185894\" \/>\n<meta property=\"article:modified_time\" content=\"2026-02-26T05:20:59+00:00\" \/>\n<meta property=\"og:image\" content=\"https:\/\/mattheosselections.com\/wp-content\/uploads\/2025\/04\/Oliv0499.jpg\" \/>\n\t<meta property=\"og:image:width\" content=\"1000\" \/>\n\t<meta property=\"og:image:height\" content=\"1000\" \/>\n\t<meta property=\"og:image:type\" content=\"image\/jpeg\" \/>\n<meta name=\"twitter:card\" content=\"summary_large_image\" \/>\n<meta name=\"twitter:label1\" content=\"Est. reading time\" \/>\n\t<meta name=\"twitter:data1\" content=\"1 minute\" \/>\n<script type=\"application\/ld+json\" class=\"yoast-schema-graph\">{\"@context\":\"https:\\\/\\\/schema.org\",\"@graph\":[{\"@type\":\"WebPage\",\"@id\":\"https:\\\/\\\/mattheosselections.com\\\/product\\\/jungfru-olivolja-extra-virgin-olive-oil\\\/\",\"url\":\"https:\\\/\\\/mattheosselections.com\\\/product\\\/jungfru-olivolja-extra-virgin-olive-oil\\\/\",\"name\":\"K\u00f6p \u00e4kta grekisk extra jungfruolivolja\",\"isPartOf\":{\"@id\":\"https:\\\/\\\/mattheosselections.com\\\/#website\"},\"primaryImageOfPage\":{\"@id\":\"https:\\\/\\\/mattheosselections.com\\\/product\\\/jungfru-olivolja-extra-virgin-olive-oil\\\/#primaryimage\"},\"image\":{\"@id\":\"https:\\\/\\\/mattheosselections.com\\\/product\\\/jungfru-olivolja-extra-virgin-olive-oil\\\/#primaryimage\"},\"thumbnailUrl\":\"https:\\\/\\\/mattheosselections.com\\\/wp-content\\\/uploads\\\/2025\\\/04\\\/Oliv0499.jpg\",\"datePublished\":\"2025-04-15T06:35:56+00:00\",\"dateModified\":\"2026-02-26T05:20:59+00:00\",\"description\":\"Denna kallpressade extra jungfruolivolja \u00e4r tillverkad av noggrant utvalda oliver och ger en ren konsistens, frisk arom och naturlig godhet.\",\"breadcrumb\":{\"@id\":\"https:\\\/\\\/mattheosselections.com\\\/product\\\/jungfru-olivolja-extra-virgin-olive-oil\\\/#breadcrumb\"},\"inLanguage\":\"en-US\",\"potentialAction\":[{\"@type\":\"ReadAction\",\"target\":[\"https:\\\/\\\/mattheosselections.com\\\/product\\\/jungfru-olivolja-extra-virgin-olive-oil\\\/\"]}]},{\"@type\":\"ImageObject\",\"inLanguage\":\"en-US\",\"@id\":\"https:\\\/\\\/mattheosselections.com\\\/product\\\/jungfru-olivolja-extra-virgin-olive-oil\\\/#primaryimage\",\"url\":\"https:\\\/\\\/mattheosselections.com\\\/wp-content\\\/uploads\\\/2025\\\/04\\\/Oliv0499.jpg\",\"contentUrl\":\"https:\\\/\\\/mattheosselections.com\\\/wp-content\\\/uploads\\\/2025\\\/04\\\/Oliv0499.jpg\",\"width\":1000,\"height\":1000,\"caption\":\"Extra vergin olive oil\"},{\"@type\":\"BreadcrumbList\",\"@id\":\"https:\\\/\\\/mattheosselections.com\\\/product\\\/jungfru-olivolja-extra-virgin-olive-oil\\\/#breadcrumb\",\"itemListElement\":[{\"@type\":\"ListItem\",\"position\":1,\"name\":\"Home\",\"item\":\"https:\\\/\\\/mattheosselections.com\\\/\"},{\"@type\":\"ListItem\",\"position\":2,\"name\":\"shop\",\"item\":\"https:\\\/\\\/mattheosselections.com\\\/shop\\\/\"},{\"@type\":\"ListItem\",\"position\":3,\"name\":\"Jungfru Olivolja (Extra Virgin Olive Oil) 500ml\"}]},{\"@type\":\"WebSite\",\"@id\":\"https:\\\/\\\/mattheosselections.com\\\/#website\",\"url\":\"https:\\\/\\\/mattheosselections.com\\\/\",\"name\":\"Mattheos Selections\",\"description\":\"\",\"potentialAction\":[{\"@type\":\"SearchAction\",\"target\":{\"@type\":\"EntryPoint\",\"urlTemplate\":\"https:\\\/\\\/mattheosselections.com\\\/?s={search_term_string}\"},\"query-input\":{\"@type\":\"PropertyValueSpecification\",\"valueRequired\":true,\"valueName\":\"search_term_string\"}}],\"inLanguage\":\"en-US\"}]}<\/script>\n<!-- \/ Yoast SEO plugin. -->","yoast_head_json":{"title":"K\u00f6p \u00e4kta grekisk extra jungfruolivolja","description":"Denna kallpressade extra jungfruolivolja \u00e4r tillverkad av noggrant utvalda oliver och ger en ren konsistens, frisk arom och naturlig godhet.","robots":{"index":"index","follow":"follow","max-snippet":"max-snippet:-1","max-image-preview":"max-image-preview:large","max-video-preview":"max-video-preview:-1"},"canonical":"https:\/\/mattheosselections.com\/en\/product\/jungfru-olivolja-extra-virgin-olive-oil\/","og_locale":"en_US","og_type":"article","og_title":"K\u00f6p \u00e4kta grekisk extra jungfruolivolja","og_description":"Denna kallpressade extra jungfruolivolja \u00e4r tillverkad av noggrant utvalda oliver och ger en ren konsistens, frisk arom och naturlig godhet.","og_url":"https:\/\/mattheosselections.com\/en\/product\/jungfru-olivolja-extra-virgin-olive-oil\/","og_site_name":"Mattheos Selections","article_publisher":"https:\/\/www.facebook.com\/profile.php?id=61575561185894","article_modified_time":"2026-02-26T05:20:59+00:00","og_image":[{"width":1000,"height":1000,"url":"https:\/\/mattheosselections.com\/wp-content\/uploads\/2025\/04\/Oliv0499.jpg","type":"image\/jpeg"}],"twitter_card":"summary_large_image","twitter_misc":{"Est. reading time":"1 minute"},"schema":{"@context":"https:\/\/schema.org","@graph":[{"@type":"WebPage","@id":"https:\/\/mattheosselections.com\/product\/jungfru-olivolja-extra-virgin-olive-oil\/","url":"https:\/\/mattheosselections.com\/product\/jungfru-olivolja-extra-virgin-olive-oil\/","name":"K\u00f6p \u00e4kta grekisk extra jungfruolivolja","isPartOf":{"@id":"https:\/\/mattheosselections.com\/#website"},"primaryImageOfPage":{"@id":"https:\/\/mattheosselections.com\/product\/jungfru-olivolja-extra-virgin-olive-oil\/#primaryimage"},"image":{"@id":"https:\/\/mattheosselections.com\/product\/jungfru-olivolja-extra-virgin-olive-oil\/#primaryimage"},"thumbnailUrl":"https:\/\/mattheosselections.com\/wp-content\/uploads\/2025\/04\/Oliv0499.jpg","datePublished":"2025-04-15T06:35:56+00:00","dateModified":"2026-02-26T05:20:59+00:00","description":"Denna kallpressade extra jungfruolivolja \u00e4r tillverkad av noggrant utvalda oliver och ger en ren konsistens, frisk arom och naturlig godhet.","breadcrumb":{"@id":"https:\/\/mattheosselections.com\/product\/jungfru-olivolja-extra-virgin-olive-oil\/#breadcrumb"},"inLanguage":"en-US","potentialAction":[{"@type":"ReadAction","target":["https:\/\/mattheosselections.com\/product\/jungfru-olivolja-extra-virgin-olive-oil\/"]}]},{"@type":"ImageObject","inLanguage":"en-US","@id":"https:\/\/mattheosselections.com\/product\/jungfru-olivolja-extra-virgin-olive-oil\/#primaryimage","url":"https:\/\/mattheosselections.com\/wp-content\/uploads\/2025\/04\/Oliv0499.jpg","contentUrl":"https:\/\/mattheosselections.com\/wp-content\/uploads\/2025\/04\/Oliv0499.jpg","width":1000,"height":1000,"caption":"Extra vergin olive oil"},{"@type":"BreadcrumbList","@id":"https:\/\/mattheosselections.com\/product\/jungfru-olivolja-extra-virgin-olive-oil\/#breadcrumb","itemListElement":[{"@type":"ListItem","position":1,"name":"Home","item":"https:\/\/mattheosselections.com\/"},{"@type":"ListItem","position":2,"name":"shop","item":"https:\/\/mattheosselections.com\/shop\/"},{"@type":"ListItem","position":3,"name":"Jungfru Olivolja (Extra Virgin Olive Oil) 500ml"}]},{"@type":"WebSite","@id":"https:\/\/mattheosselections.com\/#website","url":"https:\/\/mattheosselections.com\/","name":"Mattheos Selections","description":"","potentialAction":[{"@type":"SearchAction","target":{"@type":"EntryPoint","urlTemplate":"https:\/\/mattheosselections.com\/?s={search_term_string}"},"query-input":{"@type":"PropertyValueSpecification","valueRequired":true,"valueName":"search_term_string"}}],"inLanguage":"en-US"}]}},"_links":{"self":[{"href":"https:\/\/mattheosselections.com\/en\/wp-json\/wp\/v2\/product\/185","targetHints":{"allow":["GET"]}}],"collection":[{"href":"https:\/\/mattheosselections.com\/en\/wp-json\/wp\/v2\/product"}],"about":[{"href":"https:\/\/mattheosselections.com\/en\/wp-json\/wp\/v2\/types\/product"}],"wp:featuredmedia":[{"embeddable":true,"href":"https:\/\/mattheosselections.com\/en\/wp-json\/wp\/v2\/media\/2720"}],"wp:attachment":[{"href":"https:\/\/mattheosselections.com\/en\/wp-json\/wp\/v2\/media?parent=185"}],"wp:term":[{"taxonomy":"product_brand","embeddable":true,"href":"https:\/\/mattheosselections.com\/en\/wp-json\/wp\/v2\/product_brand?post=185"},{"taxonomy":"product_cat","embeddable":true,"href":"https:\/\/mattheosselections.com\/en\/wp-json\/wp\/v2\/product_cat?post=185"},{"taxonomy":"product_tag","embeddable":true,"href":"https:\/\/mattheosselections.com\/en\/wp-json\/wp\/v2\/product_tag?post=185"}],"curies":[{"name":"wp","href":"https:\/\/api.w.org\/{rel}","templated":true}]}}